{"id":248410,"date":"2025-11-20T14:00:03","date_gmt":"2025-11-20T13:00:03","guid":{"rendered":"https:\/\/www.tuleap.com\/?page_id=248410"},"modified":"2026-01-30T09:26:34","modified_gmt":"2026-01-30T08:26:34","slug":"newsletter","status":"publish","type":"page","link":"https:\/\/www.tuleap.com\/fr\/newsletter\/","title":{"rendered":"Newsletter"},"content":{"rendered":"\t\t<div data-elementor-type=\"wp-page\" data-elementor-id=\"248410\" class=\"elementor elementor-248410\" data-elementor-post-type=\"page\">\n\t\t\t\t<div class=\"elementor-element elementor-element-9b68cc0 e-flex e-con-boxed e-con e-parent\" data-id=\"9b68cc0\" data-element_type=\"container\" data-e-type=\"container\">\n\t\t\t\t\t<div class=\"e-con-inner\">\n\t\t<div class=\"elementor-element elementor-element-2fcfe4c e-con-full animated-fast e-flex elementor-invisible e-con e-child\" data-id=\"2fcfe4c\" data-element_type=\"container\" data-e-type=\"container\" data-settings=\"{&quot;animation&quot;:&quot;fadeInUp&quot;}\">\n\t\t<div class=\"elementor-element elementor-element-9236cbf e-con-full e-flex e-con e-child\" data-id=\"9236cbf\" data-element_type=\"container\" data-e-type=\"container\">\n\t\t\t\t<div class=\"elementor-element elementor-element-cf8c1ba elementor-widget__width-initial elementor-widget elementor-widget-heading\" data-id=\"cf8c1ba\" data-element_type=\"widget\" data-e-type=\"widget\" data-widget_type=\"heading.default\">\n\t\t\t\t\t<h1 class=\"elementor-heading-title elementor-size-default\">Notre <strong>newsletter<\/strong><\/h1>\t\t\t\t<\/div>\n\t\t\t\t<div class=\"elementor-element elementor-element-2181c0f elementor-widget elementor-widget-text-editor\" data-id=\"2181c0f\" data-element_type=\"widget\" data-e-type=\"widget\" data-widget_type=\"text-editor.default\">\n\t\t\t\t\t\t\t\t\t<p>Recevez l\u2019essentiel sur la gestion de projets logiciels et l\u2019ALM :<\/p>\t\t\t\t\t\t\t\t<\/div>\n\t\t\t\t<div class=\"elementor-element elementor-element-6b16ec8 elementor-icon-list--layout-traditional elementor-list-item-link-full_width elementor-widget elementor-widget-icon-list\" data-id=\"6b16ec8\" data-element_type=\"widget\" data-e-type=\"widget\" data-widget_type=\"icon-list.default\">\n\t\t\t\t\t\t\t<ul class=\"elementor-icon-list-items\">\n\t\t\t\t\t\t\t<li class=\"elementor-icon-list-item\">\n\t\t\t\t\t\t\t\t\t\t\t<span class=\"elementor-icon-list-icon\">\n\t\t\t\t\t\t\t<svg aria-hidden=\"true\" class=\"e-font-icon-svg e-fas-check\" viewBox=\"0 0 512 512\" xmlns=\"http:\/\/www.w3.org\/2000\/svg\"><path d=\"M173.898 439.404l-166.4-166.4c-9.997-9.997-9.997-26.206 0-36.204l36.203-36.204c9.997-9.998 26.207-9.998 36.204 0L192 312.69 432.095 72.596c9.997-9.997 26.207-9.997 36.204 0l36.203 36.204c9.997 9.997 9.997 26.206 0 36.204l-294.4 294.401c-9.998 9.997-26.207 9.997-36.204-.001z\"><\/path><\/svg>\t\t\t\t\t\t<\/span>\n\t\t\t\t\t\t\t\t\t\t<span class=\"elementor-icon-list-text\">Bonnes pratiques agiles et retours terrain<\/span>\n\t\t\t\t\t\t\t\t\t<\/li>\n\t\t\t\t\t\t\t\t<li class=\"elementor-icon-list-item\">\n\t\t\t\t\t\t\t\t\t\t\t<span class=\"elementor-icon-list-icon\">\n\t\t\t\t\t\t\t<svg aria-hidden=\"true\" class=\"e-font-icon-svg e-fas-check\" viewBox=\"0 0 512 512\" xmlns=\"http:\/\/www.w3.org\/2000\/svg\"><path d=\"M173.898 439.404l-166.4-166.4c-9.997-9.997-9.997-26.206 0-36.204l36.203-36.204c9.997-9.998 26.207-9.998 36.204 0L192 312.69 432.095 72.596c9.997-9.997 26.207-9.997 36.204 0l36.203 36.204c9.997 9.997 9.997 26.206 0 36.204l-294.4 294.401c-9.998 9.997-26.207 9.997-36.204-.001z\"><\/path><\/svg>\t\t\t\t\t\t<\/span>\n\t\t\t\t\t\t\t\t\t\t<span class=\"elementor-icon-list-text\">D\u00e9cryptages normes, qualit\u00e9 et conformit\u00e9<\/span>\n\t\t\t\t\t\t\t\t\t<\/li>\n\t\t\t\t\t\t\t\t<li class=\"elementor-icon-list-item\">\n\t\t\t\t\t\t\t\t\t\t\t<span class=\"elementor-icon-list-icon\">\n\t\t\t\t\t\t\t<svg aria-hidden=\"true\" class=\"e-font-icon-svg e-fas-check\" viewBox=\"0 0 512 512\" xmlns=\"http:\/\/www.w3.org\/2000\/svg\"><path d=\"M173.898 439.404l-166.4-166.4c-9.997-9.997-9.997-26.206 0-36.204l36.203-36.204c9.997-9.998 26.207-9.998 36.204 0L192 312.69 432.095 72.596c9.997-9.997 26.207-9.997 36.204 0l36.203 36.204c9.997 9.997 9.997 26.206 0 36.204l-294.4 294.401c-9.998 9.997-26.207 9.997-36.204-.001z\"><\/path><\/svg>\t\t\t\t\t\t<\/span>\n\t\t\t\t\t\t\t\t\t\t<span class=\"elementor-icon-list-text\">Actualit\u00e9s produit et ressources utiles<\/span>\n\t\t\t\t\t\t\t\t\t<\/li>\n\t\t\t\t\t\t\t\t<li class=\"elementor-icon-list-item\">\n\t\t\t\t\t\t\t\t\t\t\t<span class=\"elementor-icon-list-icon\">\n\t\t\t\t\t\t\t<svg aria-hidden=\"true\" class=\"e-font-icon-svg e-fas-check\" viewBox=\"0 0 512 512\" xmlns=\"http:\/\/www.w3.org\/2000\/svg\"><path d=\"M173.898 439.404l-166.4-166.4c-9.997-9.997-9.997-26.206 0-36.204l36.203-36.204c9.997-9.998 26.207-9.998 36.204 0L192 312.69 432.095 72.596c9.997-9.997 26.207-9.997 36.204 0l36.203 36.204c9.997 9.997 9.997 26.206 0 36.204l-294.4 294.401c-9.998 9.997-26.207 9.997-36.204-.001z\"><\/path><\/svg>\t\t\t\t\t\t<\/span>\n\t\t\t\t\t\t\t\t\t\t<span class=\"elementor-icon-list-text\">Invitations \u00e0 nos webinaires et \u00e9v\u00e9nements<\/span>\n\t\t\t\t\t\t\t\t\t<\/li>\n\t\t\t\t\t\t<\/ul>\n\t\t\t\t\t\t<\/div>\n\t\t\t\t<\/div>\n\t\t\t\t<\/div>\n\t\t<div class=\"elementor-element elementor-element-3a0455b8 e-con-full animated-fast e-flex elementor-invisible e-con e-child\" data-id=\"3a0455b8\" data-element_type=\"container\" data-e-type=\"container\" data-settings=\"{&quot;background_background&quot;:&quot;classic&quot;,&quot;animation&quot;:&quot;fadeInUp&quot;}\">\n\t\t\t\t<div class=\"elementor-element elementor-element-67df0970 plezi-form light elementor-widget__width-initial elementor-widget elementor-widget-html\" data-id=\"67df0970\" data-element_type=\"widget\" data-e-type=\"widget\" data-widget_type=\"html.default\">\n\t\t\t\t\t<form id=\"foss-60d9a40ed59cbc16b368c2ff\"><\/form><script async=\"\" src=\"https:\/\/api.plezi.co\/api\/v1\/web_forms\/scripts?tenant_id=60bf919954067a23618a3804&amp;form_id=60bf919c54067a23618a38b2&amp;form_version=3&amp;content_web_form_id=60d9a40ed59cbc16b368c2ff&amp;plz_lang=fr\"><\/script>\t\t\t\t<\/div>\n\t\t\t\t<\/div>\n\t\t\t\t<div class=\"elementor-element elementor-element-97cc6a9 elementor-widget__width-initial elementor-absolute elementor-widget-divider--view-line elementor-widget elementor-widget-divider\" data-id=\"97cc6a9\" data-element_type=\"widget\" data-e-type=\"widget\" data-settings=\"{&quot;_position&quot;:&quot;absolute&quot;,&quot;motion_fx_motion_fx_scrolling&quot;:&quot;yes&quot;,&quot;motion_fx_motion_fx_mouse&quot;:&quot;yes&quot;,&quot;motion_fx_mouseTrack_effect&quot;:&quot;yes&quot;,&quot;motion_fx_devices&quot;:[&quot;widescreen&quot;,&quot;desktop&quot;,&quot;laptop&quot;,&quot;tablet&quot;,&quot;mobile&quot;],&quot;motion_fx_mouseTrack_speed&quot;:{&quot;unit&quot;:&quot;px&quot;,&quot;size&quot;:1,&quot;sizes&quot;:[]}}\" data-widget_type=\"divider.default\">\n\t\t\t\t\t\t\t<div class=\"elementor-divider\">\n\t\t\t<span class=\"elementor-divider-separator\">\n\t\t\t\t\t\t<\/span>\n\t\t<\/div>\n\t\t\t\t\t\t<\/div>\n\t\t\t\t\t<\/div>\n\t\t\t\t<\/div>\n\t\t\t\t<\/div>\n\t\t","protected":false},"excerpt":{"rendered":"<p>Notre newsletter Recevez l\u2019essentiel sur la gestion de projets logiciels et l\u2019ALM : Bonnes pratiques agiles et retours terrain D\u00e9cryptages normes, qualit\u00e9 et conformit\u00e9 Actualit\u00e9s produit et ressources utiles Invitations \u00e0 nos webinaires et \u00e9v\u00e9nements<\/p>\n","protected":false},"author":1,"featured_media":0,"parent":0,"menu_order":12,"comment_status":"closed","ping_status":"closed","template":"","meta":{"_acf_changed":false,"content-type":"","inline_featured_image":false,"footnotes":""},"class_list":["post-248410","page","type-page","status-publish","hentry"],"acf":[],"yoast_head":"<!-- This site is optimized with the Yoast SEO plugin v27.3 - https:\/\/yoast.com\/product\/yoast-seo-wordpress\/ -->\n<title>La newsletter Tuleap<\/title>\n<meta name=\"description\" content=\"Abonnez-vous \u00e0 la newsletter Tuleap pour recevoir contenus, actualit\u00e9s produit et \u00e9v\u00e9nements autour des projets logiciels.\" \/>\n<meta name=\"robots\" content=\"index, follow, max-snippet:-1, max-image-preview:large, max-video-preview:-1\" \/>\n<link rel=\"canonical\" href=\"https:\/\/www.tuleap.com\/fr\/newsletter\/\" \/>\n<meta property=\"og:locale\" content=\"fr_FR\" \/>\n<meta property=\"og:type\" content=\"article\" \/>\n<meta property=\"og:title\" content=\"La newsletter Tuleap\" \/>\n<meta property=\"og:description\" content=\"Abonnez-vous \u00e0 la newsletter Tuleap pour recevoir contenus, actualit\u00e9s produit et \u00e9v\u00e9nements autour des projets logiciels.\" \/>\n<meta property=\"og:url\" content=\"https:\/\/www.tuleap.com\/fr\/newsletter\/\" \/>\n<meta property=\"og:site_name\" content=\"Tuleap\" \/>\n<meta property=\"article:modified_time\" content=\"2026-01-30T08:26:34+00:00\" \/>\n<meta name=\"twitter:card\" content=\"summary_large_image\" \/>\n<meta name=\"twitter:label1\" content=\"Dur\u00e9e de lecture estim\u00e9e\" \/>\n\t<meta name=\"twitter:data1\" content=\"1 minute\" \/>\n<script type=\"application\/ld+json\" class=\"yoast-schema-graph\">{\"@context\":\"https:\\\/\\\/schema.org\",\"@graph\":[{\"@type\":\"WebPage\",\"@id\":\"https:\\\/\\\/www.tuleap.com\\\/fr\\\/newsletter\\\/\",\"url\":\"https:\\\/\\\/www.tuleap.com\\\/fr\\\/newsletter\\\/\",\"name\":\"La newsletter Tuleap\",\"isPartOf\":{\"@id\":\"https:\\\/\\\/www.tuleap.com\\\/fr\\\/#website\"},\"datePublished\":\"2025-11-20T13:00:03+00:00\",\"dateModified\":\"2026-01-30T08:26:34+00:00\",\"description\":\"Abonnez-vous \u00e0 la newsletter Tuleap pour recevoir contenus, actualit\u00e9s produit et \u00e9v\u00e9nements autour des projets logiciels.\",\"breadcrumb\":{\"@id\":\"https:\\\/\\\/www.tuleap.com\\\/fr\\\/newsletter\\\/#breadcrumb\"},\"inLanguage\":\"fr-FR\",\"potentialAction\":[{\"@type\":\"ReadAction\",\"target\":[\"https:\\\/\\\/www.tuleap.com\\\/fr\\\/newsletter\\\/\"]}]},{\"@type\":\"BreadcrumbList\",\"@id\":\"https:\\\/\\\/www.tuleap.com\\\/fr\\\/newsletter\\\/#breadcrumb\",\"itemListElement\":[{\"@type\":\"ListItem\",\"position\":1,\"name\":\"Home\",\"item\":\"https:\\\/\\\/www.tuleap.com\\\/fr\\\/\"},{\"@type\":\"ListItem\",\"position\":2,\"name\":\"Newsletter\"}]},{\"@type\":\"WebSite\",\"@id\":\"https:\\\/\\\/www.tuleap.com\\\/fr\\\/#website\",\"url\":\"https:\\\/\\\/www.tuleap.com\\\/fr\\\/\",\"name\":\"Tuleap\",\"description\":\"\",\"publisher\":{\"@id\":\"https:\\\/\\\/www.tuleap.com\\\/fr\\\/#organization\"},\"potentialAction\":[{\"@type\":\"SearchAction\",\"target\":{\"@type\":\"EntryPoint\",\"urlTemplate\":\"https:\\\/\\\/www.tuleap.com\\\/fr\\\/?s={search_term_string}\"},\"query-input\":{\"@type\":\"PropertyValueSpecification\",\"valueRequired\":true,\"valueName\":\"search_term_string\"}}],\"inLanguage\":\"fr-FR\"},{\"@type\":\"Organization\",\"@id\":\"https:\\\/\\\/www.tuleap.com\\\/fr\\\/#organization\",\"name\":\"Tuleap\",\"url\":\"https:\\\/\\\/www.tuleap.com\\\/fr\\\/\",\"logo\":{\"@type\":\"ImageObject\",\"inLanguage\":\"fr-FR\",\"@id\":\"https:\\\/\\\/www.tuleap.com\\\/fr\\\/#\\\/schema\\\/logo\\\/image\\\/\",\"url\":\"https:\\\/\\\/www.tuleap.com\\\/wp-content\\\/uploads\\\/2025\\\/07\\\/logo-tuleap.svg\",\"contentUrl\":\"https:\\\/\\\/www.tuleap.com\\\/wp-content\\\/uploads\\\/2025\\\/07\\\/logo-tuleap.svg\",\"width\":418,\"height\":106,\"caption\":\"Tuleap\"},\"image\":{\"@id\":\"https:\\\/\\\/www.tuleap.com\\\/fr\\\/#\\\/schema\\\/logo\\\/image\\\/\"},\"sameAs\":[\"https:\\\/\\\/www.linkedin.com\\\/company\\\/tuleap\\\/\",\"https:\\\/\\\/www.youtube.com\\\/@Tuleap\"]}]}<\/script>\n<!-- \/ Yoast SEO plugin. -->","yoast_head_json":{"title":"La newsletter Tuleap","description":"Abonnez-vous \u00e0 la newsletter Tuleap pour recevoir contenus, actualit\u00e9s produit et \u00e9v\u00e9nements autour des projets logiciels.","robots":{"index":"index","follow":"follow","max-snippet":"max-snippet:-1","max-image-preview":"max-image-preview:large","max-video-preview":"max-video-preview:-1"},"canonical":"https:\/\/www.tuleap.com\/fr\/newsletter\/","og_locale":"fr_FR","og_type":"article","og_title":"La newsletter Tuleap","og_description":"Abonnez-vous \u00e0 la newsletter Tuleap pour recevoir contenus, actualit\u00e9s produit et \u00e9v\u00e9nements autour des projets logiciels.","og_url":"https:\/\/www.tuleap.com\/fr\/newsletter\/","og_site_name":"Tuleap","article_modified_time":"2026-01-30T08:26:34+00:00","twitter_card":"summary_large_image","twitter_misc":{"Dur\u00e9e de lecture estim\u00e9e":"1 minute"},"schema":{"@context":"https:\/\/schema.org","@graph":[{"@type":"WebPage","@id":"https:\/\/www.tuleap.com\/fr\/newsletter\/","url":"https:\/\/www.tuleap.com\/fr\/newsletter\/","name":"La newsletter Tuleap","isPartOf":{"@id":"https:\/\/www.tuleap.com\/fr\/#website"},"datePublished":"2025-11-20T13:00:03+00:00","dateModified":"2026-01-30T08:26:34+00:00","description":"Abonnez-vous \u00e0 la newsletter Tuleap pour recevoir contenus, actualit\u00e9s produit et \u00e9v\u00e9nements autour des projets logiciels.","breadcrumb":{"@id":"https:\/\/www.tuleap.com\/fr\/newsletter\/#breadcrumb"},"inLanguage":"fr-FR","potentialAction":[{"@type":"ReadAction","target":["https:\/\/www.tuleap.com\/fr\/newsletter\/"]}]},{"@type":"BreadcrumbList","@id":"https:\/\/www.tuleap.com\/fr\/newsletter\/#breadcrumb","itemListElement":[{"@type":"ListItem","position":1,"name":"Home","item":"https:\/\/www.tuleap.com\/fr\/"},{"@type":"ListItem","position":2,"name":"Newsletter"}]},{"@type":"WebSite","@id":"https:\/\/www.tuleap.com\/fr\/#website","url":"https:\/\/www.tuleap.com\/fr\/","name":"Tuleap","description":"","publisher":{"@id":"https:\/\/www.tuleap.com\/fr\/#organization"},"potentialAction":[{"@type":"SearchAction","target":{"@type":"EntryPoint","urlTemplate":"https:\/\/www.tuleap.com\/fr\/?s={search_term_string}"},"query-input":{"@type":"PropertyValueSpecification","valueRequired":true,"valueName":"search_term_string"}}],"inLanguage":"fr-FR"},{"@type":"Organization","@id":"https:\/\/www.tuleap.com\/fr\/#organization","name":"Tuleap","url":"https:\/\/www.tuleap.com\/fr\/","logo":{"@type":"ImageObject","inLanguage":"fr-FR","@id":"https:\/\/www.tuleap.com\/fr\/#\/schema\/logo\/image\/","url":"https:\/\/www.tuleap.com\/wp-content\/uploads\/2025\/07\/logo-tuleap.svg","contentUrl":"https:\/\/www.tuleap.com\/wp-content\/uploads\/2025\/07\/logo-tuleap.svg","width":418,"height":106,"caption":"Tuleap"},"image":{"@id":"https:\/\/www.tuleap.com\/fr\/#\/schema\/logo\/image\/"},"sameAs":["https:\/\/www.linkedin.com\/company\/tuleap\/","https:\/\/www.youtube.com\/@Tuleap"]}]}},"_links":{"self":[{"href":"https:\/\/www.tuleap.com\/fr\/wp-json\/wp\/v2\/pages\/248410","targetHints":{"allow":["GET"]}}],"collection":[{"href":"https:\/\/www.tuleap.com\/fr\/wp-json\/wp\/v2\/pages"}],"about":[{"href":"https:\/\/www.tuleap.com\/fr\/wp-json\/wp\/v2\/types\/page"}],"author":[{"embeddable":true,"href":"https:\/\/www.tuleap.com\/fr\/wp-json\/wp\/v2\/users\/1"}],"replies":[{"embeddable":true,"href":"https:\/\/www.tuleap.com\/fr\/wp-json\/wp\/v2\/comments?post=248410"}],"version-history":[{"count":0,"href":"https:\/\/www.tuleap.com\/fr\/wp-json\/wp\/v2\/pages\/248410\/revisions"}],"wp:attachment":[{"href":"https:\/\/www.tuleap.com\/fr\/wp-json\/wp\/v2\/media?parent=248410"}],"curies":[{"name":"wp","href":"https:\/\/api.w.org\/{rel}","templated":true}]}}