{"id":260588,"date":"2026-02-26T09:23:17","date_gmt":"2026-02-26T08:23:17","guid":{"rendered":"https:\/\/www.tuleap.com\/?page_id=260588"},"modified":"2026-03-06T18:51:58","modified_gmt":"2026-03-06T17:51:58","slug":"mentions-legales","status":"publish","type":"page","link":"https:\/\/www.tuleap.com\/fr\/mentions-legales\/","title":{"rendered":"Mentions l\u00e9gales"},"content":{"rendered":"\t\t<div data-elementor-type=\"wp-page\" data-elementor-id=\"260588\" class=\"elementor elementor-260588\" data-elementor-post-type=\"page\">\n\t\t\t\t<div class=\"elementor-element elementor-element-cce8837 e-flex e-con-boxed e-con e-parent\" data-id=\"cce8837\" data-element_type=\"container\" data-e-type=\"container\">\n\t\t\t\t\t<div class=\"e-con-inner\">\n\t\t<div class=\"elementor-element elementor-element-ff4ec3c e-con-full e-flex e-con e-child\" data-id=\"ff4ec3c\" data-element_type=\"container\" data-e-type=\"container\">\n\t\t<div class=\"elementor-element elementor-element-928ea74 e-con-full e-flex e-con e-child\" data-id=\"928ea74\" data-element_type=\"container\" data-e-type=\"container\">\n\t\t\t\t<div class=\"elementor-element elementor-element-953e8da elementor-widget__width-initial elementor-widget elementor-widget-heading\" data-id=\"953e8da\" data-element_type=\"widget\" data-e-type=\"widget\" data-widget_type=\"heading.default\">\n\t\t\t\t\t<h1 class=\"elementor-heading-title elementor-size-default\">Mentions <strong>l\u00e9gales<\/strong><\/h1>\t\t\t\t<\/div>\n\t\t<div class=\"elementor-element elementor-element-6221d08 e-con-full e-flex e-con e-child\" data-id=\"6221d08\" data-element_type=\"container\" data-e-type=\"container\">\n\t\t\t\t<div class=\"elementor-element elementor-element-7168554 main-color elementor-widget elementor-widget-button\" data-id=\"7168554\" data-element_type=\"widget\" data-e-type=\"widget\" data-widget_type=\"button.default\">\n\t\t\t\t\t\t\t\t\t\t<a class=\"elementor-button elementor-button-link elementor-size-sm\" href=\"\/contact\/\">\n\t\t\t\t\t\t<span class=\"elementor-button-content-wrapper\">\n\t\t\t\t\t\t<span class=\"elementor-button-icon\">\n\t\t\t\t<svg xmlns=\"http:\/\/www.w3.org\/2000\/svg\" id=\"Calque_2\" width=\"512\" height=\"512\" viewBox=\"0 0 512 512\"><g id=\"Layer_1\"><path d=\"M192,384H0v-192C0,85.96,85.96,0,192,0s192,85.96,192,192-85.96,192-192,192ZM426.67,193.71h0c-1.02,128.23-104.73,231.94-232.96,232.96h0c30.46,52.75,86.72,85.27,147.63,85.33h170.67v-170.67c-.06-60.91-32.58-117.17-85.33-147.63Z\"><\/path><\/g><\/svg>\t\t\t<\/span>\n\t\t\t\t\t\t\t\t\t<span class=\"elementor-button-text\">Nous contacter<\/span>\n\t\t\t\t\t<\/span>\n\t\t\t\t\t<\/a>\n\t\t\t\t\t\t\t\t<\/div>\n\t\t\t\t<\/div>\n\t\t\t\t<\/div>\n\t\t\t\t<\/div>\n\t\t\t\t<div class=\"elementor-element elementor-element-68ec7fb elementor-widget__width-initial elementor-absolute elementor-widget-divider--view-line elementor-widget elementor-widget-divider\" data-id=\"68ec7fb\" data-element_type=\"widget\" data-e-type=\"widget\" data-settings=\"{&quot;_position&quot;:&quot;absolute&quot;,&quot;motion_fx_motion_fx_scrolling&quot;:&quot;yes&quot;,&quot;motion_fx_motion_fx_mouse&quot;:&quot;yes&quot;,&quot;motion_fx_mouseTrack_effect&quot;:&quot;yes&quot;,&quot;motion_fx_devices&quot;:[&quot;widescreen&quot;,&quot;desktop&quot;,&quot;laptop&quot;,&quot;tablet&quot;,&quot;mobile&quot;],&quot;motion_fx_mouseTrack_speed&quot;:{&quot;unit&quot;:&quot;px&quot;,&quot;size&quot;:1,&quot;sizes&quot;:[]}}\" data-widget_type=\"divider.default\">\n\t\t\t\t\t\t\t<div class=\"elementor-divider\">\n\t\t\t<span class=\"elementor-divider-separator\">\n\t\t\t\t\t\t<\/span>\n\t\t<\/div>\n\t\t\t\t\t\t<\/div>\n\t\t\t\t\t<\/div>\n\t\t\t\t<\/div>\n\t\t<div class=\"elementor-element elementor-element-6a00c04f e-con-full e-flex e-con e-parent\" data-id=\"6a00c04f\" data-element_type=\"container\" data-e-type=\"container\">\n\t\t\t\t<div class=\"elementor-element elementor-element-425d83e elementor-widget elementor-widget-text-editor\" data-id=\"425d83e\" data-element_type=\"widget\" data-e-type=\"widget\" data-widget_type=\"text-editor.default\">\n\t\t\t\t\t\t\t\t\t<p>Derni\u00e8re mise \u00e0 jour : Mars 2026.<\/p>\t\t\t\t\t\t\t\t<\/div>\n\t\t\t\t<div class=\"elementor-element elementor-element-7ebd915 elementor-widget__width-initial elementor-toc--minimized-on-desktop elementor-widget elementor-widget-table-of-contents\" data-id=\"7ebd915\" data-element_type=\"widget\" data-e-type=\"widget\" data-settings=\"{&quot;headings_by_tags&quot;:[&quot;h2&quot;],&quot;exclude_headings_by_selector&quot;:[],&quot;no_headings_message&quot;:&quot;Aucun titre n\\u2019a \\u00e9t\\u00e9 trouv\\u00e9 sur cette page.&quot;,&quot;minimized_on&quot;:&quot;desktop&quot;,&quot;marker_view&quot;:&quot;numbers&quot;,&quot;minimize_box&quot;:&quot;yes&quot;,&quot;hierarchical_view&quot;:&quot;yes&quot;,&quot;min_height&quot;:{&quot;unit&quot;:&quot;px&quot;,&quot;size&quot;:&quot;&quot;,&quot;sizes&quot;:[]},&quot;min_height_widescreen&quot;:{&quot;unit&quot;:&quot;px&quot;,&quot;size&quot;:&quot;&quot;,&quot;sizes&quot;:[]},&quot;min_height_laptop&quot;:{&quot;unit&quot;:&quot;px&quot;,&quot;size&quot;:&quot;&quot;,&quot;sizes&quot;:[]},&quot;min_height_tablet&quot;:{&quot;unit&quot;:&quot;px&quot;,&quot;size&quot;:&quot;&quot;,&quot;sizes&quot;:[]},&quot;min_height_mobile&quot;:{&quot;unit&quot;:&quot;px&quot;,&quot;size&quot;:&quot;&quot;,&quot;sizes&quot;:[]}}\" data-widget_type=\"table-of-contents.default\">\n\t\t\t\t\t\t\t\t\t<div class=\"elementor-toc__header\">\n\t\t\t\t\t\t<h5 class=\"elementor-toc__header-title\">\n\t\t\t\tTable des mati\u00e8res\t\t\t<\/h5>\n\t\t\t\t\t\t\t\t\t\t<div class=\"elementor-toc__toggle-button elementor-toc__toggle-button--expand\" role=\"button\" tabindex=\"0\" aria-controls=\"elementor-toc__7ebd915\" aria-expanded=\"true\" aria-label=\"Ouvrir la table des mati\u00e8res\"><svg aria-hidden=\"true\" class=\"e-font-icon-svg e-fas-chevron-down\" viewBox=\"0 0 448 512\" xmlns=\"http:\/\/www.w3.org\/2000\/svg\"><path d=\"M207.029 381.476L12.686 187.132c-9.373-9.373-9.373-24.569 0-33.941l22.667-22.667c9.357-9.357 24.522-9.375 33.901-.04L224 284.505l154.745-154.021c9.379-9.335 24.544-9.317 33.901.04l22.667 22.667c9.373 9.373 9.373 24.569 0 33.941L240.971 381.476c-9.373 9.372-24.569 9.372-33.942 0z\"><\/path><\/svg><\/div>\n\t\t\t\t<div class=\"elementor-toc__toggle-button elementor-toc__toggle-button--collapse\" role=\"button\" tabindex=\"0\" aria-controls=\"elementor-toc__7ebd915\" aria-expanded=\"true\" aria-label=\"Fermer la table des mati\u00e8res\"><svg aria-hidden=\"true\" class=\"e-font-icon-svg e-fas-chevron-up\" viewBox=\"0 0 448 512\" xmlns=\"http:\/\/www.w3.org\/2000\/svg\"><path d=\"M240.971 130.524l194.343 194.343c9.373 9.373 9.373 24.569 0 33.941l-22.667 22.667c-9.357 9.357-24.522 9.375-33.901.04L224 227.495 69.255 381.516c-9.379 9.335-24.544 9.317-33.901-.04l-22.667-22.667c-9.373-9.373-9.373-24.569 0-33.941L207.03 130.525c9.372-9.373 24.568-9.373 33.941-.001z\"><\/path><\/svg><\/div>\n\t\t\t\t\t<\/div>\n\t\t\t\t<div id=\"elementor-toc__7ebd915\" class=\"elementor-toc__body\">\n\t\t\t<div class=\"elementor-toc__spinner-container\">\n\t\t\t\t<svg class=\"elementor-toc__spinner eicon-animation-spin e-font-icon-svg e-eicon-loading\" aria-hidden=\"true\" viewBox=\"0 0 1000 1000\" xmlns=\"http:\/\/www.w3.org\/2000\/svg\"><path d=\"M500 975V858C696 858 858 696 858 500S696 142 500 142 142 304 142 500H25C25 237 238 25 500 25S975 237 975 500 763 975 500 975Z\"><\/path><\/svg>\t\t\t<\/div>\n\t\t<\/div>\n\t\t\t\t\t\t<\/div>\n\t\t\t\t<div class=\"elementor-element elementor-element-b207414 elementor-widget__width-initial elementor-widget elementor-widget-text-editor\" data-id=\"b207414\" data-element_type=\"widget\" data-e-type=\"widget\" data-widget_type=\"text-editor.default\">\n\t\t\t\t\t\t\t\t\t<h2>Qui sommes-nous\u00a0?<\/h2><h3>Editeur du site<\/h3><p>Le site <strong>www.tuleap.com <\/strong>(ainsi que ses sous-domaines) est \u00e9dit\u00e9 et sponsoris\u00e9 par Enalean SAS, soci\u00e9t\u00e9 par actions simplifi\u00e9e au capital de 60 000 euros, immatricul\u00e9e au RCS de Chamb\u00e9ry sous le num\u00e9ro 531 796 621.<\/p><h4><b>Si\u00e8ge social : <\/b><\/h4><p>87 avenue de Chamb\u00e9ry<br \/>73230 Saint-Alban-Leysse<br \/>France<\/p><p>Repr\u00e9sent\u00e9 par : Laurent CHARLES<\/p><h4><span style=\"font-weight: bold;\">Contact :<\/span><\/h4><p>Tel. +33 (0) 981 419 616<\/p><p>En cas de question relative aux contenus publi\u00e9s, vous pouvez contacter le responsable de la publication \u00e0 l\u2019adresse suivante : contact@enalean.com<\/p><p>Responsable de la publication : Laurent Charles<\/p><h2>H\u00e9bergement<\/h2><p>L\u2019h\u00e9bergement de tuleap.com et ses sous-domaines est \u00e0 : HostMe SAS.<\/p><h4><span style=\"font-weight: bold;\">Adresse postale :<\/span><\/h4><p>390 Impasse de Lagaffe<br \/>47130, CLERMONT-DESSOUS<br \/>France<\/p><p>Tel. : +33 (0)5 33 52 07 94<\/p><p>Repr\u00e9sent\u00e9e par : Mathieu Causero<\/p>\t\t\t\t\t\t\t\t<\/div>\n\t\t\t\t<\/div>\n\t\t\t\t<\/div>\n\t\t","protected":false},"excerpt":{"rendered":"<p>Mentions l\u00e9gales Nous contacter Derni\u00e8re mise \u00e0 jour : Mars 2026. Table des mati\u00e8res Qui sommes-nous\u00a0? Editeur du site Le site www.tuleap.com (ainsi que ses sous-domaines) est \u00e9dit\u00e9 et sponsoris\u00e9 par Enalean SAS, soci\u00e9t\u00e9 par actions simplifi\u00e9e au capital de 60 000 euros, immatricul\u00e9e au RCS de Chamb\u00e9ry sous le num\u00e9ro 531 796 621. Si\u00e8ge [&hellip;]<\/p>\n","protected":false},"author":24,"featured_media":0,"parent":0,"menu_order":30,"comment_status":"closed","ping_status":"closed","template":"","meta":{"_acf_changed":false,"content-type":"","inline_featured_image":false,"footnotes":""},"class_list":["post-260588","page","type-page","status-publish","hentry"],"acf":[],"yoast_head":"<!-- This site is optimized with the Yoast SEO plugin v27.3 - https:\/\/yoast.com\/product\/yoast-seo-wordpress\/ -->\n<title>Mentions l\u00e9gales - Tuleap<\/title>\n<meta name=\"description\" content=\"Consultez la politique de confidentialit\u00e9 de Tuleap pour comprendre l\u2019utilisation et la protection de vos donn\u00e9es personnelles.\" \/>\n<meta name=\"robots\" content=\"index, follow, max-snippet:-1, max-image-preview:large, max-video-preview:-1\" \/>\n<link rel=\"canonical\" href=\"https:\/\/www.tuleap.com\/fr\/mentions-legales\/\" \/>\n<meta property=\"og:locale\" content=\"fr_FR\" \/>\n<meta property=\"og:type\" content=\"article\" \/>\n<meta property=\"og:title\" content=\"Mentions l\u00e9gales - Tuleap\" \/>\n<meta property=\"og:description\" content=\"Consultez la politique de confidentialit\u00e9 de Tuleap pour comprendre l\u2019utilisation et la protection de vos donn\u00e9es personnelles.\" \/>\n<meta property=\"og:url\" content=\"https:\/\/www.tuleap.com\/fr\/mentions-legales\/\" \/>\n<meta property=\"og:site_name\" content=\"Tuleap\" \/>\n<meta property=\"article:modified_time\" content=\"2026-03-06T17:51:58+00:00\" \/>\n<meta name=\"twitter:card\" content=\"summary_large_image\" \/>\n<meta name=\"twitter:label1\" content=\"Dur\u00e9e de lecture estim\u00e9e\" \/>\n\t<meta name=\"twitter:data1\" content=\"1 minute\" \/>\n<script type=\"application\/ld+json\" class=\"yoast-schema-graph\">{\"@context\":\"https:\\\/\\\/schema.org\",\"@graph\":[{\"@type\":\"WebPage\",\"@id\":\"https:\\\/\\\/www.tuleap.com\\\/fr\\\/mentions-legales\\\/\",\"url\":\"https:\\\/\\\/www.tuleap.com\\\/fr\\\/mentions-legales\\\/\",\"name\":\"Mentions l\u00e9gales - Tuleap\",\"isPartOf\":{\"@id\":\"https:\\\/\\\/www.tuleap.com\\\/fr\\\/#website\"},\"datePublished\":\"2026-02-26T08:23:17+00:00\",\"dateModified\":\"2026-03-06T17:51:58+00:00\",\"description\":\"Consultez la politique de confidentialit\u00e9 de Tuleap pour comprendre l\u2019utilisation et la protection de vos donn\u00e9es personnelles.\",\"breadcrumb\":{\"@id\":\"https:\\\/\\\/www.tuleap.com\\\/fr\\\/mentions-legales\\\/#breadcrumb\"},\"inLanguage\":\"fr-FR\",\"potentialAction\":[{\"@type\":\"ReadAction\",\"target\":[\"https:\\\/\\\/www.tuleap.com\\\/fr\\\/mentions-legales\\\/\"]}]},{\"@type\":\"BreadcrumbList\",\"@id\":\"https:\\\/\\\/www.tuleap.com\\\/fr\\\/mentions-legales\\\/#breadcrumb\",\"itemListElement\":[{\"@type\":\"ListItem\",\"position\":1,\"name\":\"Home\",\"item\":\"https:\\\/\\\/www.tuleap.com\\\/fr\\\/\"},{\"@type\":\"ListItem\",\"position\":2,\"name\":\"Mentions l\u00e9gales\"}]},{\"@type\":\"WebSite\",\"@id\":\"https:\\\/\\\/www.tuleap.com\\\/fr\\\/#website\",\"url\":\"https:\\\/\\\/www.tuleap.com\\\/fr\\\/\",\"name\":\"Tuleap\",\"description\":\"\",\"publisher\":{\"@id\":\"https:\\\/\\\/www.tuleap.com\\\/fr\\\/#organization\"},\"potentialAction\":[{\"@type\":\"SearchAction\",\"target\":{\"@type\":\"EntryPoint\",\"urlTemplate\":\"https:\\\/\\\/www.tuleap.com\\\/fr\\\/?s={search_term_string}\"},\"query-input\":{\"@type\":\"PropertyValueSpecification\",\"valueRequired\":true,\"valueName\":\"search_term_string\"}}],\"inLanguage\":\"fr-FR\"},{\"@type\":\"Organization\",\"@id\":\"https:\\\/\\\/www.tuleap.com\\\/fr\\\/#organization\",\"name\":\"Tuleap\",\"url\":\"https:\\\/\\\/www.tuleap.com\\\/fr\\\/\",\"logo\":{\"@type\":\"ImageObject\",\"inLanguage\":\"fr-FR\",\"@id\":\"https:\\\/\\\/www.tuleap.com\\\/fr\\\/#\\\/schema\\\/logo\\\/image\\\/\",\"url\":\"https:\\\/\\\/www.tuleap.com\\\/wp-content\\\/uploads\\\/2025\\\/07\\\/3DS_2026_LOCK-UP_TULEAP-joins-3DS_HOR_RVB-scaled.png\",\"contentUrl\":\"https:\\\/\\\/www.tuleap.com\\\/wp-content\\\/uploads\\\/2025\\\/07\\\/3DS_2026_LOCK-UP_TULEAP-joins-3DS_HOR_RVB-scaled.png\",\"width\":2560,\"height\":485,\"caption\":\"Tuleap\"},\"image\":{\"@id\":\"https:\\\/\\\/www.tuleap.com\\\/fr\\\/#\\\/schema\\\/logo\\\/image\\\/\"},\"sameAs\":[\"https:\\\/\\\/www.linkedin.com\\\/company\\\/tuleap\\\/\",\"https:\\\/\\\/www.youtube.com\\\/@Tuleap\"]}]}<\/script>\n<!-- \/ Yoast SEO plugin. -->","yoast_head_json":{"title":"Mentions l\u00e9gales - Tuleap","description":"Consultez la politique de confidentialit\u00e9 de Tuleap pour comprendre l\u2019utilisation et la protection de vos donn\u00e9es personnelles.","robots":{"index":"index","follow":"follow","max-snippet":"max-snippet:-1","max-image-preview":"max-image-preview:large","max-video-preview":"max-video-preview:-1"},"canonical":"https:\/\/www.tuleap.com\/fr\/mentions-legales\/","og_locale":"fr_FR","og_type":"article","og_title":"Mentions l\u00e9gales - Tuleap","og_description":"Consultez la politique de confidentialit\u00e9 de Tuleap pour comprendre l\u2019utilisation et la protection de vos donn\u00e9es personnelles.","og_url":"https:\/\/www.tuleap.com\/fr\/mentions-legales\/","og_site_name":"Tuleap","article_modified_time":"2026-03-06T17:51:58+00:00","twitter_card":"summary_large_image","twitter_misc":{"Dur\u00e9e de lecture estim\u00e9e":"1 minute"},"schema":{"@context":"https:\/\/schema.org","@graph":[{"@type":"WebPage","@id":"https:\/\/www.tuleap.com\/fr\/mentions-legales\/","url":"https:\/\/www.tuleap.com\/fr\/mentions-legales\/","name":"Mentions l\u00e9gales - Tuleap","isPartOf":{"@id":"https:\/\/www.tuleap.com\/fr\/#website"},"datePublished":"2026-02-26T08:23:17+00:00","dateModified":"2026-03-06T17:51:58+00:00","description":"Consultez la politique de confidentialit\u00e9 de Tuleap pour comprendre l\u2019utilisation et la protection de vos donn\u00e9es personnelles.","breadcrumb":{"@id":"https:\/\/www.tuleap.com\/fr\/mentions-legales\/#breadcrumb"},"inLanguage":"fr-FR","potentialAction":[{"@type":"ReadAction","target":["https:\/\/www.tuleap.com\/fr\/mentions-legales\/"]}]},{"@type":"BreadcrumbList","@id":"https:\/\/www.tuleap.com\/fr\/mentions-legales\/#breadcrumb","itemListElement":[{"@type":"ListItem","position":1,"name":"Home","item":"https:\/\/www.tuleap.com\/fr\/"},{"@type":"ListItem","position":2,"name":"Mentions l\u00e9gales"}]},{"@type":"WebSite","@id":"https:\/\/www.tuleap.com\/fr\/#website","url":"https:\/\/www.tuleap.com\/fr\/","name":"Tuleap","description":"","publisher":{"@id":"https:\/\/www.tuleap.com\/fr\/#organization"},"potentialAction":[{"@type":"SearchAction","target":{"@type":"EntryPoint","urlTemplate":"https:\/\/www.tuleap.com\/fr\/?s={search_term_string}"},"query-input":{"@type":"PropertyValueSpecification","valueRequired":true,"valueName":"search_term_string"}}],"inLanguage":"fr-FR"},{"@type":"Organization","@id":"https:\/\/www.tuleap.com\/fr\/#organization","name":"Tuleap","url":"https:\/\/www.tuleap.com\/fr\/","logo":{"@type":"ImageObject","inLanguage":"fr-FR","@id":"https:\/\/www.tuleap.com\/fr\/#\/schema\/logo\/image\/","url":"https:\/\/www.tuleap.com\/wp-content\/uploads\/2025\/07\/3DS_2026_LOCK-UP_TULEAP-joins-3DS_HOR_RVB-scaled.png","contentUrl":"https:\/\/www.tuleap.com\/wp-content\/uploads\/2025\/07\/3DS_2026_LOCK-UP_TULEAP-joins-3DS_HOR_RVB-scaled.png","width":2560,"height":485,"caption":"Tuleap"},"image":{"@id":"https:\/\/www.tuleap.com\/fr\/#\/schema\/logo\/image\/"},"sameAs":["https:\/\/www.linkedin.com\/company\/tuleap\/","https:\/\/www.youtube.com\/@Tuleap"]}]}},"_links":{"self":[{"href":"https:\/\/www.tuleap.com\/fr\/wp-json\/wp\/v2\/pages\/260588","targetHints":{"allow":["GET"]}}],"collection":[{"href":"https:\/\/www.tuleap.com\/fr\/wp-json\/wp\/v2\/pages"}],"about":[{"href":"https:\/\/www.tuleap.com\/fr\/wp-json\/wp\/v2\/types\/page"}],"author":[{"embeddable":true,"href":"https:\/\/www.tuleap.com\/fr\/wp-json\/wp\/v2\/users\/24"}],"replies":[{"embeddable":true,"href":"https:\/\/www.tuleap.com\/fr\/wp-json\/wp\/v2\/comments?post=260588"}],"version-history":[{"count":0,"href":"https:\/\/www.tuleap.com\/fr\/wp-json\/wp\/v2\/pages\/260588\/revisions"}],"wp:attachment":[{"href":"https:\/\/www.tuleap.com\/fr\/wp-json\/wp\/v2\/media?parent=260588"}],"curies":[{"name":"wp","href":"https:\/\/api.w.org\/{rel}","templated":true}]}}