{"id":260945,"date":"2026-03-06T17:43:49","date_gmt":"2026-03-06T16:43:49","guid":{"rendered":"https:\/\/www.tuleap.com\/?page_id=260945"},"modified":"2026-03-06T18:52:08","modified_gmt":"2026-03-06T17:52:08","slug":"conditions-generales-utilisation","status":"publish","type":"page","link":"https:\/\/www.tuleap.com\/fr\/conditions-generales-utilisation\/","title":{"rendered":"Conditions G\u00e9n\u00e9rales d&rsquo;Utilisation"},"content":{"rendered":"\t\t<div data-elementor-type=\"wp-page\" data-elementor-id=\"260945\" class=\"elementor elementor-260945\" data-elementor-post-type=\"page\">\n\t\t\t\t<div class=\"elementor-element elementor-element-cce8837 e-flex e-con-boxed e-con e-parent\" data-id=\"cce8837\" data-element_type=\"container\" data-e-type=\"container\">\n\t\t\t\t\t<div class=\"e-con-inner\">\n\t\t<div class=\"elementor-element elementor-element-ff4ec3c e-con-full e-flex e-con e-child\" data-id=\"ff4ec3c\" data-element_type=\"container\" data-e-type=\"container\">\n\t\t<div class=\"elementor-element elementor-element-928ea74 e-con-full e-flex e-con e-child\" data-id=\"928ea74\" data-element_type=\"container\" data-e-type=\"container\">\n\t\t\t\t<div class=\"elementor-element elementor-element-953e8da elementor-widget__width-initial elementor-widget elementor-widget-heading\" data-id=\"953e8da\" data-element_type=\"widget\" data-e-type=\"widget\" data-widget_type=\"heading.default\">\n\t\t\t\t\t<h1 class=\"elementor-heading-title elementor-size-default\">Conditions <strong>G\u00e9n\u00e9rales<\/strong> d'Utilisation<\/h1>\t\t\t\t<\/div>\n\t\t<div class=\"elementor-element elementor-element-6221d08 e-con-full e-flex e-con e-child\" data-id=\"6221d08\" data-element_type=\"container\" data-e-type=\"container\">\n\t\t\t\t<div class=\"elementor-element elementor-element-7168554 main-color elementor-widget elementor-widget-button\" data-id=\"7168554\" data-element_type=\"widget\" data-e-type=\"widget\" data-widget_type=\"button.default\">\n\t\t\t\t\t\t\t\t\t\t<a class=\"elementor-button elementor-button-link elementor-size-sm\" href=\"\/contact\/\">\n\t\t\t\t\t\t<span class=\"elementor-button-content-wrapper\">\n\t\t\t\t\t\t<span class=\"elementor-button-icon\">\n\t\t\t\t<svg xmlns=\"http:\/\/www.w3.org\/2000\/svg\" id=\"Calque_2\" width=\"512\" height=\"512\" viewBox=\"0 0 512 512\"><g id=\"Layer_1\"><path d=\"M192,384H0v-192C0,85.96,85.96,0,192,0s192,85.96,192,192-85.96,192-192,192ZM426.67,193.71h0c-1.02,128.23-104.73,231.94-232.96,232.96h0c30.46,52.75,86.72,85.27,147.63,85.33h170.67v-170.67c-.06-60.91-32.58-117.17-85.33-147.63Z\"><\/path><\/g><\/svg>\t\t\t<\/span>\n\t\t\t\t\t\t\t\t\t<span class=\"elementor-button-text\">Nous contacter<\/span>\n\t\t\t\t\t<\/span>\n\t\t\t\t\t<\/a>\n\t\t\t\t\t\t\t\t<\/div>\n\t\t\t\t<\/div>\n\t\t\t\t<\/div>\n\t\t\t\t<\/div>\n\t\t\t\t<div class=\"elementor-element elementor-element-68ec7fb elementor-widget__width-initial elementor-absolute elementor-widget-divider--view-line elementor-widget elementor-widget-divider\" data-id=\"68ec7fb\" data-element_type=\"widget\" data-e-type=\"widget\" data-settings=\"{&quot;_position&quot;:&quot;absolute&quot;,&quot;motion_fx_motion_fx_scrolling&quot;:&quot;yes&quot;,&quot;motion_fx_motion_fx_mouse&quot;:&quot;yes&quot;,&quot;motion_fx_mouseTrack_effect&quot;:&quot;yes&quot;,&quot;motion_fx_devices&quot;:[&quot;widescreen&quot;,&quot;desktop&quot;,&quot;laptop&quot;,&quot;tablet&quot;,&quot;mobile&quot;],&quot;motion_fx_mouseTrack_speed&quot;:{&quot;unit&quot;:&quot;px&quot;,&quot;size&quot;:1,&quot;sizes&quot;:[]}}\" data-widget_type=\"divider.default\">\n\t\t\t\t\t\t\t<div class=\"elementor-divider\">\n\t\t\t<span class=\"elementor-divider-separator\">\n\t\t\t\t\t\t<\/span>\n\t\t<\/div>\n\t\t\t\t\t\t<\/div>\n\t\t\t\t\t<\/div>\n\t\t\t\t<\/div>\n\t\t<div class=\"elementor-element elementor-element-6a00c04f e-con-full e-flex e-con e-parent\" data-id=\"6a00c04f\" data-element_type=\"container\" data-e-type=\"container\">\n\t\t\t\t<div class=\"elementor-element elementor-element-425d83e elementor-widget elementor-widget-text-editor\" data-id=\"425d83e\" data-element_type=\"widget\" data-e-type=\"widget\" data-widget_type=\"text-editor.default\">\n\t\t\t\t\t\t\t\t\t<p>Derni\u00e8re mise \u00e0 jour : Mars 2026.<\/p>\t\t\t\t\t\t\t\t<\/div>\n\t\t\t\t<div class=\"elementor-element elementor-element-7ebd915 elementor-widget__width-initial elementor-toc--minimized-on-desktop elementor-widget elementor-widget-table-of-contents\" data-id=\"7ebd915\" data-element_type=\"widget\" data-e-type=\"widget\" data-settings=\"{&quot;headings_by_tags&quot;:[&quot;h2&quot;],&quot;exclude_headings_by_selector&quot;:[],&quot;no_headings_message&quot;:&quot;Aucun titre n\\u2019a \\u00e9t\\u00e9 trouv\\u00e9 sur cette page.&quot;,&quot;minimized_on&quot;:&quot;desktop&quot;,&quot;marker_view&quot;:&quot;numbers&quot;,&quot;minimize_box&quot;:&quot;yes&quot;,&quot;hierarchical_view&quot;:&quot;yes&quot;,&quot;min_height&quot;:{&quot;unit&quot;:&quot;px&quot;,&quot;size&quot;:&quot;&quot;,&quot;sizes&quot;:[]},&quot;min_height_widescreen&quot;:{&quot;unit&quot;:&quot;px&quot;,&quot;size&quot;:&quot;&quot;,&quot;sizes&quot;:[]},&quot;min_height_laptop&quot;:{&quot;unit&quot;:&quot;px&quot;,&quot;size&quot;:&quot;&quot;,&quot;sizes&quot;:[]},&quot;min_height_tablet&quot;:{&quot;unit&quot;:&quot;px&quot;,&quot;size&quot;:&quot;&quot;,&quot;sizes&quot;:[]},&quot;min_height_mobile&quot;:{&quot;unit&quot;:&quot;px&quot;,&quot;size&quot;:&quot;&quot;,&quot;sizes&quot;:[]}}\" data-widget_type=\"table-of-contents.default\">\n\t\t\t\t\t\t\t\t\t<div class=\"elementor-toc__header\">\n\t\t\t\t\t\t<h5 class=\"elementor-toc__header-title\">\n\t\t\t\tTable des mati\u00e8res\t\t\t<\/h5>\n\t\t\t\t\t\t\t\t\t\t<div class=\"elementor-toc__toggle-button elementor-toc__toggle-button--expand\" role=\"button\" tabindex=\"0\" aria-controls=\"elementor-toc__7ebd915\" aria-expanded=\"true\" aria-label=\"Ouvrir la table des mati\u00e8res\"><svg aria-hidden=\"true\" class=\"e-font-icon-svg e-fas-chevron-down\" viewBox=\"0 0 448 512\" xmlns=\"http:\/\/www.w3.org\/2000\/svg\"><path d=\"M207.029 381.476L12.686 187.132c-9.373-9.373-9.373-24.569 0-33.941l22.667-22.667c9.357-9.357 24.522-9.375 33.901-.04L224 284.505l154.745-154.021c9.379-9.335 24.544-9.317 33.901.04l22.667 22.667c9.373 9.373 9.373 24.569 0 33.941L240.971 381.476c-9.373 9.372-24.569 9.372-33.942 0z\"><\/path><\/svg><\/div>\n\t\t\t\t<div class=\"elementor-toc__toggle-button elementor-toc__toggle-button--collapse\" role=\"button\" tabindex=\"0\" aria-controls=\"elementor-toc__7ebd915\" aria-expanded=\"true\" aria-label=\"Fermer la table des mati\u00e8res\"><svg aria-hidden=\"true\" class=\"e-font-icon-svg e-fas-chevron-up\" viewBox=\"0 0 448 512\" xmlns=\"http:\/\/www.w3.org\/2000\/svg\"><path d=\"M240.971 130.524l194.343 194.343c9.373 9.373 9.373 24.569 0 33.941l-22.667 22.667c-9.357 9.357-24.522 9.375-33.901.04L224 227.495 69.255 381.516c-9.379 9.335-24.544 9.317-33.901-.04l-22.667-22.667c-9.373-9.373-9.373-24.569 0-33.941L207.03 130.525c9.372-9.373 24.568-9.373 33.941-.001z\"><\/path><\/svg><\/div>\n\t\t\t\t\t<\/div>\n\t\t\t\t<div id=\"elementor-toc__7ebd915\" class=\"elementor-toc__body\">\n\t\t\t<div class=\"elementor-toc__spinner-container\">\n\t\t\t\t<svg class=\"elementor-toc__spinner eicon-animation-spin e-font-icon-svg e-eicon-loading\" aria-hidden=\"true\" viewBox=\"0 0 1000 1000\" xmlns=\"http:\/\/www.w3.org\/2000\/svg\"><path d=\"M500 975V858C696 858 858 696 858 500S696 142 500 142 142 304 142 500H25C25 237 238 25 500 25S975 237 975 500 763 975 500 975Z\"><\/path><\/svg>\t\t\t<\/div>\n\t\t<\/div>\n\t\t\t\t\t\t<\/div>\n\t\t\t\t<div class=\"elementor-element elementor-element-ba957e4 elementor-widget__width-initial elementor-widget elementor-widget-text-editor\" data-id=\"ba957e4\" data-element_type=\"widget\" data-e-type=\"widget\" data-widget_type=\"text-editor.default\">\n\t\t\t\t\t\t\t\t\t<h2>Acc\u00e8s au site web<\/h2><p>Les utilisateurs du site internet <a href=\"https:\/\/www.tuleap.com\/fr\/\">https:\/\/www.tuleap.com\/fr\/<\/a>, ci-apr\u00e8s le \u00ab Site \u00bb, d\u00e9clarent conna\u00eetre et comprendre internet et ses limites dont, notamment, ses caract\u00e9ristiques fonctionnelles et performances techniques : les risques d&rsquo;interruption, les temps de r\u00e9ponse pour consulter, interroger ou transf\u00e9rer des informations, les risques, quels qu&rsquo;ils soient, inh\u00e9rents \u00e0 toute connexion sur le r\u00e9seau.<\/p><p>ENALEAN se r\u00e9serve le droit, quelle qu\u2019en soit la raison et \u00e0 sa seule discr\u00e9tion, de mettre un terme, de modifier, de suspendre ou d\u2019interrompre l\u2019acc\u00e8s \u00e0 tout ou partie du Site web, ainsi qu\u2019\u00e0 ses contenus, ses caract\u00e9ristiques ou de modifier les heures de disponibilit\u00e9 sans pr\u00e9avis.<\/p><p>ENALEAN ne peut \u00eatre tenue pour responsable d\u2019un quelconque dommage direct ou indirect, de quelque nature que ce soit, r\u00e9sultant de l\u2019acc\u00e8s ou de la navigation sur le Site, en ce compris toute d\u00e9t\u00e9rioration et\/ou virus pouvant affecter votre \u00e9quipement informatique.<\/p><p>ENALEAN s&rsquo;efforcera, dans la mesure du possible, de maintenir le Site accessible 7 jours sur 7, 24 heures sur 24, mais ne pourra \u00eatre tenue \u00e0 une obligation d&rsquo;y parvenir.<\/p><p>L&rsquo;acc\u00e8s au Site pourra \u00eatre interrompu, notamment pour des raisons de maintenance et de mise \u00e0 niveau ou pour toute autre raison technique sans que cela puisse engager sa responsabilit\u00e9.<\/p><h2>Propri\u00e9t\u00e9 intellectuelle<\/h2><p>L\u2019ensemble de ce Site rel\u00e8ve de la l\u00e9gislation fran\u00e7aise et internationale en mati\u00e8re de propri\u00e9t\u00e9 intellectuelle.<\/p><p>Les photographies, textes, slogans, dessins, images, s\u00e9quences anim\u00e9es sonores ou non ainsi que toutes \u0153uvres int\u00e9gr\u00e9es dans le Site sont la propri\u00e9t\u00e9 d\u2019ENALEAN ou de tiers ayant autoris\u00e9 ENALEAN \u00e0 les utiliser. Les logos, ic\u00f4nes et puces graphiques repr\u00e9sent\u00e9s sur le Site sont prot\u00e9g\u00e9s au titre des droits d\u2019auteur et des articles suivants du Code de la propri\u00e9t\u00e9 intellectuelle.<\/p><p>Les bases de donn\u00e9es figurant sur le Site sont prot\u00e9g\u00e9es par les articles L.341-1 et suivants du Code de la propri\u00e9t\u00e9 intellectuelle et est sanctionn\u00e9e toute extraction ou r\u00e9utilisation qualitativement ou quantitativement substantielle du contenu des bases de donn\u00e9es.<\/p><p>Tous les droits de reproduction sont r\u00e9serv\u00e9s et strictement limit\u00e9s, y compris pour les documents t\u00e9l\u00e9chargeables et les repr\u00e9sentations iconographiques et photographiques.<\/p><p>Les marques cit\u00e9es sur ce Site sont d\u00e9pos\u00e9es par les soci\u00e9t\u00e9s, organismes et entit\u00e9s qui en sont propri\u00e9taires. Toute utilisation non autoris\u00e9e de tout ou partie de ces droits par des tiers est susceptible de donner lieu \u00e0 des poursuites judiciaires.<\/p><p>Les reproductions, sur un support papier ou informatique, du Site et des \u0153uvres qui y sont reproduits sont autoris\u00e9s sous r\u00e9serve qu\u2019elles soient strictement r\u00e9serv\u00e9es \u00e0 un usage personnel et priv\u00e9. Cela exclut tout usage \u00e0 des fins publicitaires et\/ou commerciales, et\/ou d\u2019information et\/ou qu\u2019elles soient conformes aux dispositions de l\u2019article L.122-5 du Code de la propri\u00e9t\u00e9 intellectuelle.<\/p><p>Toute reproduction, repr\u00e9sentation, utilisation ou modification, par quelque proc\u00e9d\u00e9 que ce soit et sur quelque support que ce soit, de tout ou partie du Site, de tout ou partie des diff\u00e9rents \u0153uvres qui le composent, sans avoir obtenu l\u2019autorisation pr\u00e9alable du directeur de la publication est strictement interdite, constitue un d\u00e9lit de contrefa\u00e7on et peut donner suite \u00e0 des poursuites judiciaires civiles et\/ou p\u00e9nales, ainsi qu\u2019au paiement de dommages et int\u00e9r\u00eats.<\/p><p>La soci\u00e9t\u00e9 ENALEAN est titulaire de marques fran\u00e7aises et internationales, notamment : Enalean\u00ae, Tuleap\u00ae, Tuleap Enterprise\u2122, Tuleap Open ALM\u00ae, Open ALM\u2122, Open Roadmap\u2122, myTuleap\u2122. Toute utilisation non autoris\u00e9e de ces marques est susceptible de constituer une contrefa\u00e7on engageant la responsabilit\u00e9 de son auteur.<\/p><h2>Limitation de responsabilit\u00e9<\/h2><p>ENALEAN ne pourra \u00eatre tenue pour responsable en cas de contamination des mat\u00e9riels informatiques des internautes r\u00e9sultant de la propagation d\u2019un virus ou autres infections informatiques.<\/p><p>Il est rappel\u00e9 que le fait d\u2019acc\u00e9der ou de se maintenir frauduleusement dans un syst\u00e8me informatique, d\u2019entraver ou de fausser le fonctionnement, d\u2019introduire ou de modifier frauduleusement des donn\u00e9es du Site constitue un d\u00e9lit passible de sanctions p\u00e9nales.<\/p><h2>Protection des donn\u00e9es personnelles<\/h2><p>ENALEAN s&rsquo;engage \u00e0 respecter la vie priv\u00e9e des utilisateurs et la confidentialit\u00e9 de leurs donn\u00e9es personnelles lors de leur navigation sur le Site selon la <a href=\"https:\/\/www.tuleap.com\/fr\/politique-de-confidentialite\/\">Politique de la Confidentialit\u00e9<\/a>.<\/p><h2>Langues<\/h2><p>La version d&rsquo;origine de ces CGU a \u00e9t\u00e9 r\u00e9dig\u00e9e en langue fran\u00e7aise. Ainsi, la version fran\u00e7aise sera consid\u00e9r\u00e9e comme la version officielle. En cas de litige concernant les pr\u00e9sentes CGU et une traduction, la version fran\u00e7aise pr\u00e9vaudra toute autre version.<\/p><h2>Modifications<\/h2><p>ENALEAN se r\u00e9serve le droit de modifier ou de mettre \u00e0 jour les pr\u00e9sentes mentions l\u00e9gales \u00e0 tout moment et sans pr\u00e9avis ; en cons\u00e9quence, il vous est recommand\u00e9 de vous y reporter r\u00e9guli\u00e8rement.<\/p><h2>Droit applicable &#8211; Juridictions comp\u00e9tentes\u00a0<\/h2><p>En acc\u00e9dant au Site, l\u2019utilisateur est inform\u00e9 qu\u2019il est soumis au droit fran\u00e7ais.<\/p><p>\u00c0 d\u00e9faut de r\u00e8glement amiable, toute difficult\u00e9 relative \u00e0 la validit\u00e9, \u00e0 l\u2019interpr\u00e9tation et \u00e0 l\u2019ex\u00e9cution des CGU sera soumise \u00e0 la comp\u00e9tence des tribunaux fran\u00e7ais, le tribunal comp\u00e9tent \u00e9tant d\u00e9sign\u00e9 selon les r\u00e8gles de proc\u00e9dure en vigueur en France au moment du litige.<\/p>\t\t\t\t\t\t\t\t<\/div>\n\t\t\t\t<\/div>\n\t\t\t\t<\/div>\n\t\t","protected":false},"excerpt":{"rendered":"<p>Conditions G\u00e9n\u00e9rales d&rsquo;Utilisation Nous contacter Derni\u00e8re mise \u00e0 jour : Mars 2026. Table des mati\u00e8res Acc\u00e8s au site web Les utilisateurs du site internet https:\/\/www.tuleap.com\/fr\/, ci-apr\u00e8s le \u00ab Site \u00bb, d\u00e9clarent conna\u00eetre et comprendre internet et ses limites dont, notamment, ses caract\u00e9ristiques fonctionnelles et performances techniques : les risques d&rsquo;interruption, les temps de r\u00e9ponse pour [&hellip;]<\/p>\n","protected":false},"author":24,"featured_media":0,"parent":0,"menu_order":30,"comment_status":"closed","ping_status":"closed","template":"","meta":{"_acf_changed":false,"content-type":"","inline_featured_image":false,"footnotes":""},"class_list":["post-260945","page","type-page","status-publish","hentry"],"acf":[],"yoast_head":"<!-- This site is optimized with the Yoast SEO plugin v27.3 - https:\/\/yoast.com\/product\/yoast-seo-wordpress\/ -->\n<title>Conditions G\u00e9n\u00e9rales d&#039;Utilisation - Tuleap<\/title>\n<meta name=\"description\" content=\"Consultez la politique de confidentialit\u00e9 de Tuleap pour comprendre l\u2019utilisation et la protection de vos donn\u00e9es personnelles.\" \/>\n<meta name=\"robots\" content=\"index, follow, max-snippet:-1, max-image-preview:large, max-video-preview:-1\" \/>\n<link rel=\"canonical\" href=\"https:\/\/www.tuleap.com\/fr\/conditions-generales-utilisation\/\" \/>\n<meta property=\"og:locale\" content=\"fr_FR\" \/>\n<meta property=\"og:type\" content=\"article\" \/>\n<meta property=\"og:title\" content=\"Conditions G\u00e9n\u00e9rales d&#039;Utilisation - Tuleap\" \/>\n<meta property=\"og:description\" content=\"Consultez la politique de confidentialit\u00e9 de Tuleap pour comprendre l\u2019utilisation et la protection de vos donn\u00e9es personnelles.\" \/>\n<meta property=\"og:url\" content=\"https:\/\/www.tuleap.com\/fr\/conditions-generales-utilisation\/\" \/>\n<meta property=\"og:site_name\" content=\"Tuleap\" \/>\n<meta property=\"article:modified_time\" content=\"2026-03-06T17:52:08+00:00\" \/>\n<meta name=\"twitter:card\" content=\"summary_large_image\" \/>\n<meta name=\"twitter:label1\" content=\"Dur\u00e9e de lecture estim\u00e9e\" \/>\n\t<meta name=\"twitter:data1\" content=\"5 minutes\" \/>\n<script type=\"application\/ld+json\" class=\"yoast-schema-graph\">{\"@context\":\"https:\\\/\\\/schema.org\",\"@graph\":[{\"@type\":\"WebPage\",\"@id\":\"https:\\\/\\\/www.tuleap.com\\\/fr\\\/conditions-generales-utilisation\\\/\",\"url\":\"https:\\\/\\\/www.tuleap.com\\\/fr\\\/conditions-generales-utilisation\\\/\",\"name\":\"Conditions G\u00e9n\u00e9rales d'Utilisation - Tuleap\",\"isPartOf\":{\"@id\":\"https:\\\/\\\/www.tuleap.com\\\/fr\\\/#website\"},\"datePublished\":\"2026-03-06T16:43:49+00:00\",\"dateModified\":\"2026-03-06T17:52:08+00:00\",\"description\":\"Consultez la politique de confidentialit\u00e9 de Tuleap pour comprendre l\u2019utilisation et la protection de vos donn\u00e9es personnelles.\",\"breadcrumb\":{\"@id\":\"https:\\\/\\\/www.tuleap.com\\\/fr\\\/conditions-generales-utilisation\\\/#breadcrumb\"},\"inLanguage\":\"fr-FR\",\"potentialAction\":[{\"@type\":\"ReadAction\",\"target\":[\"https:\\\/\\\/www.tuleap.com\\\/fr\\\/conditions-generales-utilisation\\\/\"]}]},{\"@type\":\"BreadcrumbList\",\"@id\":\"https:\\\/\\\/www.tuleap.com\\\/fr\\\/conditions-generales-utilisation\\\/#breadcrumb\",\"itemListElement\":[{\"@type\":\"ListItem\",\"position\":1,\"name\":\"Home\",\"item\":\"https:\\\/\\\/www.tuleap.com\\\/fr\\\/\"},{\"@type\":\"ListItem\",\"position\":2,\"name\":\"Conditions G\u00e9n\u00e9rales d&rsquo;Utilisation\"}]},{\"@type\":\"WebSite\",\"@id\":\"https:\\\/\\\/www.tuleap.com\\\/fr\\\/#website\",\"url\":\"https:\\\/\\\/www.tuleap.com\\\/fr\\\/\",\"name\":\"Tuleap\",\"description\":\"\",\"publisher\":{\"@id\":\"https:\\\/\\\/www.tuleap.com\\\/fr\\\/#organization\"},\"potentialAction\":[{\"@type\":\"SearchAction\",\"target\":{\"@type\":\"EntryPoint\",\"urlTemplate\":\"https:\\\/\\\/www.tuleap.com\\\/fr\\\/?s={search_term_string}\"},\"query-input\":{\"@type\":\"PropertyValueSpecification\",\"valueRequired\":true,\"valueName\":\"search_term_string\"}}],\"inLanguage\":\"fr-FR\"},{\"@type\":\"Organization\",\"@id\":\"https:\\\/\\\/www.tuleap.com\\\/fr\\\/#organization\",\"name\":\"Tuleap\",\"url\":\"https:\\\/\\\/www.tuleap.com\\\/fr\\\/\",\"logo\":{\"@type\":\"ImageObject\",\"inLanguage\":\"fr-FR\",\"@id\":\"https:\\\/\\\/www.tuleap.com\\\/fr\\\/#\\\/schema\\\/logo\\\/image\\\/\",\"url\":\"https:\\\/\\\/www.tuleap.com\\\/wp-content\\\/uploads\\\/2025\\\/07\\\/3DS_2026_LOCK-UP_TULEAP-joins-3DS_HOR_RVB-scaled.png\",\"contentUrl\":\"https:\\\/\\\/www.tuleap.com\\\/wp-content\\\/uploads\\\/2025\\\/07\\\/3DS_2026_LOCK-UP_TULEAP-joins-3DS_HOR_RVB-scaled.png\",\"width\":2560,\"height\":485,\"caption\":\"Tuleap\"},\"image\":{\"@id\":\"https:\\\/\\\/www.tuleap.com\\\/fr\\\/#\\\/schema\\\/logo\\\/image\\\/\"},\"sameAs\":[\"https:\\\/\\\/www.linkedin.com\\\/company\\\/tuleap\\\/\",\"https:\\\/\\\/www.youtube.com\\\/@Tuleap\"]}]}<\/script>\n<!-- \/ Yoast SEO plugin. -->","yoast_head_json":{"title":"Conditions G\u00e9n\u00e9rales d'Utilisation - Tuleap","description":"Consultez la politique de confidentialit\u00e9 de Tuleap pour comprendre l\u2019utilisation et la protection de vos donn\u00e9es personnelles.","robots":{"index":"index","follow":"follow","max-snippet":"max-snippet:-1","max-image-preview":"max-image-preview:large","max-video-preview":"max-video-preview:-1"},"canonical":"https:\/\/www.tuleap.com\/fr\/conditions-generales-utilisation\/","og_locale":"fr_FR","og_type":"article","og_title":"Conditions G\u00e9n\u00e9rales d'Utilisation - Tuleap","og_description":"Consultez la politique de confidentialit\u00e9 de Tuleap pour comprendre l\u2019utilisation et la protection de vos donn\u00e9es personnelles.","og_url":"https:\/\/www.tuleap.com\/fr\/conditions-generales-utilisation\/","og_site_name":"Tuleap","article_modified_time":"2026-03-06T17:52:08+00:00","twitter_card":"summary_large_image","twitter_misc":{"Dur\u00e9e de lecture estim\u00e9e":"5 minutes"},"schema":{"@context":"https:\/\/schema.org","@graph":[{"@type":"WebPage","@id":"https:\/\/www.tuleap.com\/fr\/conditions-generales-utilisation\/","url":"https:\/\/www.tuleap.com\/fr\/conditions-generales-utilisation\/","name":"Conditions G\u00e9n\u00e9rales d'Utilisation - Tuleap","isPartOf":{"@id":"https:\/\/www.tuleap.com\/fr\/#website"},"datePublished":"2026-03-06T16:43:49+00:00","dateModified":"2026-03-06T17:52:08+00:00","description":"Consultez la politique de confidentialit\u00e9 de Tuleap pour comprendre l\u2019utilisation et la protection de vos donn\u00e9es personnelles.","breadcrumb":{"@id":"https:\/\/www.tuleap.com\/fr\/conditions-generales-utilisation\/#breadcrumb"},"inLanguage":"fr-FR","potentialAction":[{"@type":"ReadAction","target":["https:\/\/www.tuleap.com\/fr\/conditions-generales-utilisation\/"]}]},{"@type":"BreadcrumbList","@id":"https:\/\/www.tuleap.com\/fr\/conditions-generales-utilisation\/#breadcrumb","itemListElement":[{"@type":"ListItem","position":1,"name":"Home","item":"https:\/\/www.tuleap.com\/fr\/"},{"@type":"ListItem","position":2,"name":"Conditions G\u00e9n\u00e9rales d&rsquo;Utilisation"}]},{"@type":"WebSite","@id":"https:\/\/www.tuleap.com\/fr\/#website","url":"https:\/\/www.tuleap.com\/fr\/","name":"Tuleap","description":"","publisher":{"@id":"https:\/\/www.tuleap.com\/fr\/#organization"},"potentialAction":[{"@type":"SearchAction","target":{"@type":"EntryPoint","urlTemplate":"https:\/\/www.tuleap.com\/fr\/?s={search_term_string}"},"query-input":{"@type":"PropertyValueSpecification","valueRequired":true,"valueName":"search_term_string"}}],"inLanguage":"fr-FR"},{"@type":"Organization","@id":"https:\/\/www.tuleap.com\/fr\/#organization","name":"Tuleap","url":"https:\/\/www.tuleap.com\/fr\/","logo":{"@type":"ImageObject","inLanguage":"fr-FR","@id":"https:\/\/www.tuleap.com\/fr\/#\/schema\/logo\/image\/","url":"https:\/\/www.tuleap.com\/wp-content\/uploads\/2025\/07\/3DS_2026_LOCK-UP_TULEAP-joins-3DS_HOR_RVB-scaled.png","contentUrl":"https:\/\/www.tuleap.com\/wp-content\/uploads\/2025\/07\/3DS_2026_LOCK-UP_TULEAP-joins-3DS_HOR_RVB-scaled.png","width":2560,"height":485,"caption":"Tuleap"},"image":{"@id":"https:\/\/www.tuleap.com\/fr\/#\/schema\/logo\/image\/"},"sameAs":["https:\/\/www.linkedin.com\/company\/tuleap\/","https:\/\/www.youtube.com\/@Tuleap"]}]}},"_links":{"self":[{"href":"https:\/\/www.tuleap.com\/fr\/wp-json\/wp\/v2\/pages\/260945","targetHints":{"allow":["GET"]}}],"collection":[{"href":"https:\/\/www.tuleap.com\/fr\/wp-json\/wp\/v2\/pages"}],"about":[{"href":"https:\/\/www.tuleap.com\/fr\/wp-json\/wp\/v2\/types\/page"}],"author":[{"embeddable":true,"href":"https:\/\/www.tuleap.com\/fr\/wp-json\/wp\/v2\/users\/24"}],"replies":[{"embeddable":true,"href":"https:\/\/www.tuleap.com\/fr\/wp-json\/wp\/v2\/comments?post=260945"}],"version-history":[{"count":0,"href":"https:\/\/www.tuleap.com\/fr\/wp-json\/wp\/v2\/pages\/260945\/revisions"}],"wp:attachment":[{"href":"https:\/\/www.tuleap.com\/fr\/wp-json\/wp\/v2\/media?parent=260945"}],"curies":[{"name":"wp","href":"https:\/\/api.w.org\/{rel}","templated":true}]}}