{"id":3,"date":"2025-09-30T14:43:20","date_gmt":"2025-09-30T12:43:20","guid":{"rendered":"http:\/\/localhost:8888\/tuleap\/?page_id=3"},"modified":"2026-03-06T19:02:10","modified_gmt":"2026-03-06T18:02:10","slug":"legal","status":"publish","type":"page","link":"https:\/\/www.tuleap.com\/fr\/legal\/","title":{"rendered":"Legal center"},"content":{"rendered":"\t\t<div data-elementor-type=\"wp-page\" data-elementor-id=\"3\" class=\"elementor elementor-3\" data-elementor-post-type=\"page\">\n\t\t\t\t<div class=\"elementor-element elementor-element-cce8837 e-flex e-con-boxed e-con e-parent\" data-id=\"cce8837\" data-element_type=\"container\" data-e-type=\"container\">\n\t\t\t\t\t<div class=\"e-con-inner\">\n\t\t<div class=\"elementor-element elementor-element-ff4ec3c e-con-full e-flex e-con e-child\" data-id=\"ff4ec3c\" data-element_type=\"container\" data-e-type=\"container\">\n\t\t<div class=\"elementor-element elementor-element-928ea74 e-con-full e-flex e-con e-child\" data-id=\"928ea74\" data-element_type=\"container\" data-e-type=\"container\">\n\t\t\t\t<div class=\"elementor-element elementor-element-953e8da elementor-widget__width-initial elementor-widget elementor-widget-heading\" data-id=\"953e8da\" data-element_type=\"widget\" data-e-type=\"widget\" data-widget_type=\"heading.default\">\n\t\t\t\t\t<h1 class=\"elementor-heading-title elementor-size-default\">Legal <strong>Center<\/strong><\/h1>\t\t\t\t<\/div>\n\t\t<div class=\"elementor-element elementor-element-6221d08 e-con-full e-flex e-con e-child\" data-id=\"6221d08\" data-element_type=\"container\" data-e-type=\"container\">\n\t\t\t\t<div class=\"elementor-element elementor-element-7168554 main-color elementor-widget elementor-widget-button\" data-id=\"7168554\" data-element_type=\"widget\" data-e-type=\"widget\" data-widget_type=\"button.default\">\n\t\t\t\t\t\t\t\t\t\t<a class=\"elementor-button elementor-button-link elementor-size-sm\" href=\"\/contact\/\">\n\t\t\t\t\t\t<span class=\"elementor-button-content-wrapper\">\n\t\t\t\t\t\t<span class=\"elementor-button-icon\">\n\t\t\t\t<svg xmlns=\"http:\/\/www.w3.org\/2000\/svg\" id=\"Calque_2\" width=\"512\" height=\"512\" viewBox=\"0 0 512 512\"><g id=\"Layer_1\"><path d=\"M192,384H0v-192C0,85.96,85.96,0,192,0s192,85.96,192,192-85.96,192-192,192ZM426.67,193.71h0c-1.02,128.23-104.73,231.94-232.96,232.96h0c30.46,52.75,86.72,85.27,147.63,85.33h170.67v-170.67c-.06-60.91-32.58-117.17-85.33-147.63Z\"><\/path><\/g><\/svg>\t\t\t<\/span>\n\t\t\t\t\t\t\t\t\t<span class=\"elementor-button-text\">Nous contacter<\/span>\n\t\t\t\t\t<\/span>\n\t\t\t\t\t<\/a>\n\t\t\t\t\t\t\t\t<\/div>\n\t\t\t\t<\/div>\n\t\t\t\t<\/div>\n\t\t\t\t<\/div>\n\t\t\t\t<div class=\"elementor-element elementor-element-68ec7fb elementor-widget__width-initial elementor-absolute elementor-widget-divider--view-line elementor-widget elementor-widget-divider\" data-id=\"68ec7fb\" data-element_type=\"widget\" data-e-type=\"widget\" data-settings=\"{&quot;_position&quot;:&quot;absolute&quot;,&quot;motion_fx_motion_fx_scrolling&quot;:&quot;yes&quot;,&quot;motion_fx_motion_fx_mouse&quot;:&quot;yes&quot;,&quot;motion_fx_mouseTrack_effect&quot;:&quot;yes&quot;,&quot;motion_fx_devices&quot;:[&quot;widescreen&quot;,&quot;desktop&quot;,&quot;laptop&quot;,&quot;tablet&quot;,&quot;mobile&quot;],&quot;motion_fx_mouseTrack_speed&quot;:{&quot;unit&quot;:&quot;px&quot;,&quot;size&quot;:1,&quot;sizes&quot;:[]}}\" data-widget_type=\"divider.default\">\n\t\t\t\t\t\t\t<div class=\"elementor-divider\">\n\t\t\t<span class=\"elementor-divider-separator\">\n\t\t\t\t\t\t<\/span>\n\t\t<\/div>\n\t\t\t\t\t\t<\/div>\n\t\t\t\t\t<\/div>\n\t\t\t\t<\/div>\n\t\t<div class=\"elementor-element elementor-element-1b75932 e-flex e-con-boxed e-con e-parent\" data-id=\"1b75932\" data-element_type=\"container\" data-e-type=\"container\">\n\t\t\t\t\t<div class=\"e-con-inner\">\n\t\t<div class=\"elementor-element elementor-element-46e1f08 e-transform e-con-full e-flex e-con e-child\" data-id=\"46e1f08\" data-element_type=\"container\" data-e-type=\"container\" data-settings=\"{&quot;background_background&quot;:&quot;classic&quot;,&quot;_transform_rotateZ_effect_hover&quot;:{&quot;unit&quot;:&quot;px&quot;,&quot;size&quot;:-2,&quot;sizes&quot;:[]},&quot;_transform_rotateZ_effect_hover_widescreen&quot;:{&quot;unit&quot;:&quot;deg&quot;,&quot;size&quot;:&quot;&quot;,&quot;sizes&quot;:[]},&quot;_transform_rotateZ_effect_hover_laptop&quot;:{&quot;unit&quot;:&quot;deg&quot;,&quot;size&quot;:&quot;&quot;,&quot;sizes&quot;:[]},&quot;_transform_rotateZ_effect_hover_tablet&quot;:{&quot;unit&quot;:&quot;deg&quot;,&quot;size&quot;:&quot;&quot;,&quot;sizes&quot;:[]},&quot;_transform_rotateZ_effect_hover_mobile&quot;:{&quot;unit&quot;:&quot;deg&quot;,&quot;size&quot;:&quot;&quot;,&quot;sizes&quot;:[]}}\">\n\t\t\t\t<div class=\"elementor-element elementor-element-c5022cf elementor-widget elementor-widget-heading\" data-id=\"c5022cf\" data-element_type=\"widget\" data-e-type=\"widget\" data-widget_type=\"heading.default\">\n\t\t\t\t\t<h2 class=\"elementor-heading-title elementor-size-default\">Conditions G\u00e9n\u00e9rales d'Utilisation<\/h2>\t\t\t\t<\/div>\n\t\t\t\t<div class=\"elementor-element elementor-element-0da182e mini elementor-widget elementor-widget-button\" data-id=\"0da182e\" data-element_type=\"widget\" data-e-type=\"widget\" data-widget_type=\"button.default\">\n\t\t\t\t\t\t\t\t\t\t<a class=\"elementor-button elementor-button-link elementor-size-sm\" href=\"https:\/\/www.tuleap.com\/fr\/conditions-generales-utilisation\/\">\n\t\t\t\t\t\t<span class=\"elementor-button-content-wrapper\">\n\t\t\t\t\t\t<span class=\"elementor-button-icon\">\n\t\t\t\t<svg xmlns=\"http:\/\/www.w3.org\/2000\/svg\" id=\"Calque_2\" width=\"447.8\" height=\"233.33\" viewBox=\"0 0 447.8 233.33\"><g id=\"line\"><path d=\"M7.84,124.71h412.3l-97.6,94.8c-7.5,7.2,3.6,18.8,11.2,11.5l111.7-108.6c3.3-3,3-8.3,0-11.5L333.74,2.31c-7.5-7.2-18.6,4.1-11.2,11.5l97.6,94.9H7.84c-10.2,0-10.7,15.8,0,16h0Z\"><\/path><\/g><\/svg>\t\t\t<\/span>\n\t\t\t\t\t\t\t\t\t<span class=\"elementor-button-text\">Lire<\/span>\n\t\t\t\t\t<\/span>\n\t\t\t\t\t<\/a>\n\t\t\t\t\t\t\t\t<\/div>\n\t\t\t\t<\/div>\n\t\t<div class=\"elementor-element elementor-element-e57dd2c e-transform e-con-full e-flex e-con e-child\" data-id=\"e57dd2c\" data-element_type=\"container\" data-e-type=\"container\" data-settings=\"{&quot;background_background&quot;:&quot;classic&quot;,&quot;_transform_rotateZ_effect_hover&quot;:{&quot;unit&quot;:&quot;px&quot;,&quot;size&quot;:-2,&quot;sizes&quot;:[]},&quot;_transform_rotateZ_effect_hover_widescreen&quot;:{&quot;unit&quot;:&quot;deg&quot;,&quot;size&quot;:&quot;&quot;,&quot;sizes&quot;:[]},&quot;_transform_rotateZ_effect_hover_laptop&quot;:{&quot;unit&quot;:&quot;deg&quot;,&quot;size&quot;:&quot;&quot;,&quot;sizes&quot;:[]},&quot;_transform_rotateZ_effect_hover_tablet&quot;:{&quot;unit&quot;:&quot;deg&quot;,&quot;size&quot;:&quot;&quot;,&quot;sizes&quot;:[]},&quot;_transform_rotateZ_effect_hover_mobile&quot;:{&quot;unit&quot;:&quot;deg&quot;,&quot;size&quot;:&quot;&quot;,&quot;sizes&quot;:[]}}\">\n\t\t\t\t<div class=\"elementor-element elementor-element-4e9e1be elementor-widget elementor-widget-heading\" data-id=\"4e9e1be\" data-element_type=\"widget\" data-e-type=\"widget\" data-widget_type=\"heading.default\">\n\t\t\t\t\t<h2 class=\"elementor-heading-title elementor-size-default\">Mentions l\u00e9gales<\/h2>\t\t\t\t<\/div>\n\t\t\t\t<div class=\"elementor-element elementor-element-25e0237 mini elementor-widget elementor-widget-button\" data-id=\"25e0237\" data-element_type=\"widget\" data-e-type=\"widget\" data-widget_type=\"button.default\">\n\t\t\t\t\t\t\t\t\t\t<a class=\"elementor-button elementor-button-link elementor-size-sm\" href=\"https:\/\/www.tuleap.com\/fr\/mentions-legales\/\">\n\t\t\t\t\t\t<span class=\"elementor-button-content-wrapper\">\n\t\t\t\t\t\t<span class=\"elementor-button-icon\">\n\t\t\t\t<svg xmlns=\"http:\/\/www.w3.org\/2000\/svg\" id=\"Calque_2\" width=\"447.8\" height=\"233.33\" viewBox=\"0 0 447.8 233.33\"><g id=\"line\"><path d=\"M7.84,124.71h412.3l-97.6,94.8c-7.5,7.2,3.6,18.8,11.2,11.5l111.7-108.6c3.3-3,3-8.3,0-11.5L333.74,2.31c-7.5-7.2-18.6,4.1-11.2,11.5l97.6,94.9H7.84c-10.2,0-10.7,15.8,0,16h0Z\"><\/path><\/g><\/svg>\t\t\t<\/span>\n\t\t\t\t\t\t\t\t\t<span class=\"elementor-button-text\">Lire<\/span>\n\t\t\t\t\t<\/span>\n\t\t\t\t\t<\/a>\n\t\t\t\t\t\t\t\t<\/div>\n\t\t\t\t<\/div>\n\t\t<div class=\"elementor-element elementor-element-b9d3f59 e-transform e-con-full e-flex e-con e-child\" data-id=\"b9d3f59\" data-element_type=\"container\" data-e-type=\"container\" data-settings=\"{&quot;background_background&quot;:&quot;classic&quot;,&quot;_transform_rotateZ_effect_hover&quot;:{&quot;unit&quot;:&quot;px&quot;,&quot;size&quot;:-2,&quot;sizes&quot;:[]},&quot;_transform_rotateZ_effect_hover_widescreen&quot;:{&quot;unit&quot;:&quot;deg&quot;,&quot;size&quot;:&quot;&quot;,&quot;sizes&quot;:[]},&quot;_transform_rotateZ_effect_hover_laptop&quot;:{&quot;unit&quot;:&quot;deg&quot;,&quot;size&quot;:&quot;&quot;,&quot;sizes&quot;:[]},&quot;_transform_rotateZ_effect_hover_tablet&quot;:{&quot;unit&quot;:&quot;deg&quot;,&quot;size&quot;:&quot;&quot;,&quot;sizes&quot;:[]},&quot;_transform_rotateZ_effect_hover_mobile&quot;:{&quot;unit&quot;:&quot;deg&quot;,&quot;size&quot;:&quot;&quot;,&quot;sizes&quot;:[]}}\">\n\t\t\t\t<div class=\"elementor-element elementor-element-e7b1b86 elementor-widget elementor-widget-heading\" data-id=\"e7b1b86\" data-element_type=\"widget\" data-e-type=\"widget\" data-widget_type=\"heading.default\">\n\t\t\t\t\t<h2 class=\"elementor-heading-title elementor-size-default\">Politique de confidentialit\u00e9<\/h2>\t\t\t\t<\/div>\n\t\t\t\t<div class=\"elementor-element elementor-element-6a50178 mini elementor-widget elementor-widget-button\" data-id=\"6a50178\" data-element_type=\"widget\" data-e-type=\"widget\" data-widget_type=\"button.default\">\n\t\t\t\t\t\t\t\t\t\t<a class=\"elementor-button elementor-button-link elementor-size-sm\" href=\"https:\/\/www.tuleap.com\/fr\/politique-de-confidentialite\/\">\n\t\t\t\t\t\t<span class=\"elementor-button-content-wrapper\">\n\t\t\t\t\t\t<span class=\"elementor-button-icon\">\n\t\t\t\t<svg xmlns=\"http:\/\/www.w3.org\/2000\/svg\" id=\"Calque_2\" width=\"447.8\" height=\"233.33\" viewBox=\"0 0 447.8 233.33\"><g id=\"line\"><path d=\"M7.84,124.71h412.3l-97.6,94.8c-7.5,7.2,3.6,18.8,11.2,11.5l111.7-108.6c3.3-3,3-8.3,0-11.5L333.74,2.31c-7.5-7.2-18.6,4.1-11.2,11.5l97.6,94.9H7.84c-10.2,0-10.7,15.8,0,16h0Z\"><\/path><\/g><\/svg>\t\t\t<\/span>\n\t\t\t\t\t\t\t\t\t<span class=\"elementor-button-text\">Lire<\/span>\n\t\t\t\t\t<\/span>\n\t\t\t\t\t<\/a>\n\t\t\t\t\t\t\t\t<\/div>\n\t\t\t\t<\/div>\n\t\t\t\t\t<\/div>\n\t\t\t\t<\/div>\n\t\t\t\t<\/div>\n\t\t","protected":false},"excerpt":{"rendered":"<p>Legal Center Nous contacter Conditions G\u00e9n\u00e9rales d&rsquo;Utilisation Lire Mentions l\u00e9gales Lire Politique de confidentialit\u00e9 Lire<\/p>\n","protected":false},"author":1,"featured_media":0,"parent":0,"menu_order":30,"comment_status":"closed","ping_status":"closed","template":"","meta":{"_acf_changed":false,"content-type":"","inline_featured_image":false,"footnotes":""},"class_list":["post-3","page","type-page","status-publish","hentry"],"acf":[],"yoast_head":"<!-- This site is optimized with the Yoast SEO plugin v27.3 - https:\/\/yoast.com\/product\/yoast-seo-wordpress\/ -->\n<title>Legal center - Tuleap<\/title>\n<meta name=\"description\" content=\"Consultez la politique de confidentialit\u00e9 de Tuleap pour comprendre l\u2019utilisation et la protection de vos donn\u00e9es personnelles.\" \/>\n<meta name=\"robots\" content=\"index, follow, max-snippet:-1, max-image-preview:large, max-video-preview:-1\" \/>\n<link rel=\"canonical\" href=\"https:\/\/www.tuleap.com\/fr\/legal\/\" \/>\n<meta property=\"og:locale\" content=\"fr_FR\" \/>\n<meta property=\"og:type\" content=\"article\" \/>\n<meta property=\"og:title\" content=\"Legal center - Tuleap\" \/>\n<meta property=\"og:description\" content=\"Consultez la politique de confidentialit\u00e9 de Tuleap pour comprendre l\u2019utilisation et la protection de vos donn\u00e9es personnelles.\" \/>\n<meta property=\"og:url\" content=\"https:\/\/www.tuleap.com\/fr\/legal\/\" \/>\n<meta property=\"og:site_name\" content=\"Tuleap\" \/>\n<meta property=\"article:modified_time\" content=\"2026-03-06T18:02:10+00:00\" \/>\n<meta name=\"twitter:card\" content=\"summary_large_image\" \/>\n<meta name=\"twitter:label1\" content=\"Dur\u00e9e de lecture estim\u00e9e\" \/>\n\t<meta name=\"twitter:data1\" content=\"1 minute\" \/>\n<script type=\"application\/ld+json\" class=\"yoast-schema-graph\">{\"@context\":\"https:\\\/\\\/schema.org\",\"@graph\":[{\"@type\":\"WebPage\",\"@id\":\"https:\\\/\\\/www.tuleap.com\\\/fr\\\/legal\\\/\",\"url\":\"https:\\\/\\\/www.tuleap.com\\\/fr\\\/legal\\\/\",\"name\":\"Legal center - Tuleap\",\"isPartOf\":{\"@id\":\"https:\\\/\\\/www.tuleap.com\\\/fr\\\/#website\"},\"datePublished\":\"2025-09-30T12:43:20+00:00\",\"dateModified\":\"2026-03-06T18:02:10+00:00\",\"description\":\"Consultez la politique de confidentialit\u00e9 de Tuleap pour comprendre l\u2019utilisation et la protection de vos donn\u00e9es personnelles.\",\"breadcrumb\":{\"@id\":\"https:\\\/\\\/www.tuleap.com\\\/fr\\\/legal\\\/#breadcrumb\"},\"inLanguage\":\"fr-FR\",\"potentialAction\":[{\"@type\":\"ReadAction\",\"target\":[\"https:\\\/\\\/www.tuleap.com\\\/fr\\\/legal\\\/\"]}]},{\"@type\":\"BreadcrumbList\",\"@id\":\"https:\\\/\\\/www.tuleap.com\\\/fr\\\/legal\\\/#breadcrumb\",\"itemListElement\":[{\"@type\":\"ListItem\",\"position\":1,\"name\":\"Home\",\"item\":\"https:\\\/\\\/www.tuleap.com\\\/fr\\\/\"},{\"@type\":\"ListItem\",\"position\":2,\"name\":\"Legal center\"}]},{\"@type\":\"WebSite\",\"@id\":\"https:\\\/\\\/www.tuleap.com\\\/fr\\\/#website\",\"url\":\"https:\\\/\\\/www.tuleap.com\\\/fr\\\/\",\"name\":\"Tuleap\",\"description\":\"\",\"publisher\":{\"@id\":\"https:\\\/\\\/www.tuleap.com\\\/fr\\\/#organization\"},\"potentialAction\":[{\"@type\":\"SearchAction\",\"target\":{\"@type\":\"EntryPoint\",\"urlTemplate\":\"https:\\\/\\\/www.tuleap.com\\\/fr\\\/?s={search_term_string}\"},\"query-input\":{\"@type\":\"PropertyValueSpecification\",\"valueRequired\":true,\"valueName\":\"search_term_string\"}}],\"inLanguage\":\"fr-FR\"},{\"@type\":\"Organization\",\"@id\":\"https:\\\/\\\/www.tuleap.com\\\/fr\\\/#organization\",\"name\":\"Tuleap\",\"url\":\"https:\\\/\\\/www.tuleap.com\\\/fr\\\/\",\"logo\":{\"@type\":\"ImageObject\",\"inLanguage\":\"fr-FR\",\"@id\":\"https:\\\/\\\/www.tuleap.com\\\/fr\\\/#\\\/schema\\\/logo\\\/image\\\/\",\"url\":\"https:\\\/\\\/www.tuleap.com\\\/wp-content\\\/uploads\\\/2025\\\/07\\\/3DS_2026_LOCK-UP_TULEAP-joins-3DS_HOR_RVB-scaled.png\",\"contentUrl\":\"https:\\\/\\\/www.tuleap.com\\\/wp-content\\\/uploads\\\/2025\\\/07\\\/3DS_2026_LOCK-UP_TULEAP-joins-3DS_HOR_RVB-scaled.png\",\"width\":2560,\"height\":485,\"caption\":\"Tuleap\"},\"image\":{\"@id\":\"https:\\\/\\\/www.tuleap.com\\\/fr\\\/#\\\/schema\\\/logo\\\/image\\\/\"},\"sameAs\":[\"https:\\\/\\\/www.linkedin.com\\\/company\\\/tuleap\\\/\",\"https:\\\/\\\/www.youtube.com\\\/@Tuleap\"]}]}<\/script>\n<!-- \/ Yoast SEO plugin. -->","yoast_head_json":{"title":"Legal center - Tuleap","description":"Consultez la politique de confidentialit\u00e9 de Tuleap pour comprendre l\u2019utilisation et la protection de vos donn\u00e9es personnelles.","robots":{"index":"index","follow":"follow","max-snippet":"max-snippet:-1","max-image-preview":"max-image-preview:large","max-video-preview":"max-video-preview:-1"},"canonical":"https:\/\/www.tuleap.com\/fr\/legal\/","og_locale":"fr_FR","og_type":"article","og_title":"Legal center - Tuleap","og_description":"Consultez la politique de confidentialit\u00e9 de Tuleap pour comprendre l\u2019utilisation et la protection de vos donn\u00e9es personnelles.","og_url":"https:\/\/www.tuleap.com\/fr\/legal\/","og_site_name":"Tuleap","article_modified_time":"2026-03-06T18:02:10+00:00","twitter_card":"summary_large_image","twitter_misc":{"Dur\u00e9e de lecture estim\u00e9e":"1 minute"},"schema":{"@context":"https:\/\/schema.org","@graph":[{"@type":"WebPage","@id":"https:\/\/www.tuleap.com\/fr\/legal\/","url":"https:\/\/www.tuleap.com\/fr\/legal\/","name":"Legal center - Tuleap","isPartOf":{"@id":"https:\/\/www.tuleap.com\/fr\/#website"},"datePublished":"2025-09-30T12:43:20+00:00","dateModified":"2026-03-06T18:02:10+00:00","description":"Consultez la politique de confidentialit\u00e9 de Tuleap pour comprendre l\u2019utilisation et la protection de vos donn\u00e9es personnelles.","breadcrumb":{"@id":"https:\/\/www.tuleap.com\/fr\/legal\/#breadcrumb"},"inLanguage":"fr-FR","potentialAction":[{"@type":"ReadAction","target":["https:\/\/www.tuleap.com\/fr\/legal\/"]}]},{"@type":"BreadcrumbList","@id":"https:\/\/www.tuleap.com\/fr\/legal\/#breadcrumb","itemListElement":[{"@type":"ListItem","position":1,"name":"Home","item":"https:\/\/www.tuleap.com\/fr\/"},{"@type":"ListItem","position":2,"name":"Legal center"}]},{"@type":"WebSite","@id":"https:\/\/www.tuleap.com\/fr\/#website","url":"https:\/\/www.tuleap.com\/fr\/","name":"Tuleap","description":"","publisher":{"@id":"https:\/\/www.tuleap.com\/fr\/#organization"},"potentialAction":[{"@type":"SearchAction","target":{"@type":"EntryPoint","urlTemplate":"https:\/\/www.tuleap.com\/fr\/?s={search_term_string}"},"query-input":{"@type":"PropertyValueSpecification","valueRequired":true,"valueName":"search_term_string"}}],"inLanguage":"fr-FR"},{"@type":"Organization","@id":"https:\/\/www.tuleap.com\/fr\/#organization","name":"Tuleap","url":"https:\/\/www.tuleap.com\/fr\/","logo":{"@type":"ImageObject","inLanguage":"fr-FR","@id":"https:\/\/www.tuleap.com\/fr\/#\/schema\/logo\/image\/","url":"https:\/\/www.tuleap.com\/wp-content\/uploads\/2025\/07\/3DS_2026_LOCK-UP_TULEAP-joins-3DS_HOR_RVB-scaled.png","contentUrl":"https:\/\/www.tuleap.com\/wp-content\/uploads\/2025\/07\/3DS_2026_LOCK-UP_TULEAP-joins-3DS_HOR_RVB-scaled.png","width":2560,"height":485,"caption":"Tuleap"},"image":{"@id":"https:\/\/www.tuleap.com\/fr\/#\/schema\/logo\/image\/"},"sameAs":["https:\/\/www.linkedin.com\/company\/tuleap\/","https:\/\/www.youtube.com\/@Tuleap"]}]}},"_links":{"self":[{"href":"https:\/\/www.tuleap.com\/fr\/wp-json\/wp\/v2\/pages\/3","targetHints":{"allow":["GET"]}}],"collection":[{"href":"https:\/\/www.tuleap.com\/fr\/wp-json\/wp\/v2\/pages"}],"about":[{"href":"https:\/\/www.tuleap.com\/fr\/wp-json\/wp\/v2\/types\/page"}],"author":[{"embeddable":true,"href":"https:\/\/www.tuleap.com\/fr\/wp-json\/wp\/v2\/users\/1"}],"replies":[{"embeddable":true,"href":"https:\/\/www.tuleap.com\/fr\/wp-json\/wp\/v2\/comments?post=3"}],"version-history":[{"count":0,"href":"https:\/\/www.tuleap.com\/fr\/wp-json\/wp\/v2\/pages\/3\/revisions"}],"wp:attachment":[{"href":"https:\/\/www.tuleap.com\/fr\/wp-json\/wp\/v2\/media?parent=3"}],"curies":[{"name":"wp","href":"https:\/\/api.w.org\/{rel}","templated":true}]}}